{"id":1432,"date":"2022-05-12T10:48:28","date_gmt":"2022-05-12T10:48:28","guid":{"rendered":"https:\/\/hansacom.ee\/puun-kuumaoljytys\/"},"modified":"2024-10-18T12:17:08","modified_gmt":"2024-10-18T12:17:08","slug":"puun-kuumaoljytys","status":"publish","type":"page","link":"https:\/\/hansacom.ee\/fi\/puun-kuumaoljytys\/","title":{"rendered":"Puun kuuma\u00f6ljytys"},"content":{"rendered":"\t\t<div data-elementor-type=\"wp-page\" data-elementor-id=\"1432\" class=\"elementor elementor-1432 elementor-52\" data-elementor-post-type=\"page\">\n\t\t\t\t\t\t<section class=\"elementor-section elementor-top-section elementor-element elementor-element-b247ebb elementor-section-boxed elementor-section-height-default elementor-section-height-default\" data-id=\"b247ebb\" data-element_type=\"section\" data-e-type=\"section\" data-settings=\"{&quot;background_background&quot;:&quot;gradient&quot;}\">\n\t\t\t\t\t\t<div class=\"elementor-container elementor-column-gap-default\">\n\t\t\t\t\t<div class=\"elementor-column elementor-col-100 elementor-top-column elementor-element elementor-element-cb91023\" data-id=\"cb91023\" data-element_type=\"column\" data-e-type=\"column\">\n\t\t\t<div class=\"elementor-widget-wrap elementor-element-populated\">\n\t\t\t\t\t\t<div class=\"elementor-element elementor-element-ee1cf72 elementor-widget elementor-widget-spacer\" data-id=\"ee1cf72\" data-element_type=\"widget\" data-e-type=\"widget\" data-widget_type=\"spacer.default\">\n\t\t\t\t<div class=\"elementor-widget-container\">\n\t\t\t\t\t\t\t<div class=\"elementor-spacer\">\n\t\t\t<div class=\"elementor-spacer-inner\"><\/div>\n\t\t<\/div>\n\t\t\t\t\t\t<\/div>\n\t\t\t\t<\/div>\n\t\t\t\t<div class=\"elementor-element elementor-element-1e6eea7 elementor-invisible elementor-widget elementor-widget-heading\" data-id=\"1e6eea7\" data-element_type=\"widget\" data-e-type=\"widget\" data-settings=\"{&quot;_animation&quot;:&quot;fadeInLeft&quot;}\" data-widget_type=\"heading.default\">\n\t\t\t\t<div class=\"elementor-widget-container\">\n\t\t\t\t\t<h2 class=\"elementor-heading-title elementor-size-default\">Puidu kuum\u00f5litamine autoklaav meetodil. Terrassi ja fassaadilauad rasketesse ilmastikutingimustesse<\/h2>\t\t\t\t<\/div>\n\t\t\t\t<\/div>\n\t\t\t\t<div class=\"elementor-element elementor-element-c92ece7 elementor-widget elementor-widget-spacer\" data-id=\"c92ece7\" data-element_type=\"widget\" data-e-type=\"widget\" data-widget_type=\"spacer.default\">\n\t\t\t\t<div class=\"elementor-widget-container\">\n\t\t\t\t\t\t\t<div class=\"elementor-spacer\">\n\t\t\t<div class=\"elementor-spacer-inner\"><\/div>\n\t\t<\/div>\n\t\t\t\t\t\t<\/div>\n\t\t\t\t<\/div>\n\t\t\t\t\t<\/div>\n\t\t<\/div>\n\t\t\t\t\t<\/div>\n\t\t<\/section>\n\t\t\t\t<section class=\"elementor-section elementor-top-section elementor-element elementor-element-5d62951 elementor-section-boxed elementor-section-height-default elementor-section-height-default\" data-id=\"5d62951\" data-element_type=\"section\" data-e-type=\"section\">\n\t\t\t\t\t\t<div class=\"elementor-container elementor-column-gap-default\">\n\t\t\t\t\t<div class=\"elementor-column elementor-col-100 elementor-top-column elementor-element elementor-element-50c9e78\" data-id=\"50c9e78\" data-element_type=\"column\" data-e-type=\"column\">\n\t\t\t<div class=\"elementor-widget-wrap elementor-element-populated\">\n\t\t\t\t\t\t<div class=\"elementor-element elementor-element-9cb097f elementor-widget elementor-widget-spacer\" data-id=\"9cb097f\" data-element_type=\"widget\" data-e-type=\"widget\" data-widget_type=\"spacer.default\">\n\t\t\t\t<div class=\"elementor-widget-container\">\n\t\t\t\t\t\t\t<div class=\"elementor-spacer\">\n\t\t\t<div class=\"elementor-spacer-inner\"><\/div>\n\t\t<\/div>\n\t\t\t\t\t\t<\/div>\n\t\t\t\t<\/div>\n\t\t\t\t<div class=\"elementor-element elementor-element-701d276 elementor-widget elementor-widget-text-editor\" data-id=\"701d276\" data-element_type=\"widget\" data-e-type=\"widget\" data-widget_type=\"text-editor.default\">\n\t\t\t\t<div class=\"elementor-widget-container\">\n\t\t\t\t\t\t\t\t\t<p>Tegemist on autoklaavmeetodiga, kus<span style=\"color: #3e7c17;\"><strong>naturaalne lina\u00f5li<\/strong><\/span> kuumutatakse +65 C temperatuuri juures vaakumi abil puidu pinna sisse. Jahtudes aga kinnitub lina\u00f5li tugevasti puidu pooridesse ning tekib vetth\u00fclgav kaitsekiht.<\/p><p><span style=\"color: #3e7c17;\"><strong><b>Sellise t\u00f6\u00f6tlemise tulemusel saab terrass v\u00f5i voodrilaud<\/b><\/strong><\/span><\/p><ul><li>vetth\u00fclgava toime<\/li><li>seenm\u00e4daniku kaitse<\/li><li>UV kaitse<\/li><li>kujukindluse<\/li><li>s\u00e4ilib puidu originaalne struktuur ja keskkonnas\u00f5bralikkus<\/li><li>puulle voidaan antaa erilaisia \u200b\u200bvett\u00e4 hylkivi\u00e4 v\u00e4rej\u00e4, kuten grafiitinruskea, harmaa, tummanruskea, ruskea, tummanpunainen, keltainen<\/li><\/ul><p>T\u00e4rke\u00e4\u00e4 on my\u00f6s tiet\u00e4\u00e4, ett\u00e4 autoklaavimenetelm\u00e4ll\u00e4 suojattu puu k\u00e4sitell\u00e4\u00e4n kuumalla \u00f6ljyll\u00e4 joka puolelta ja v\u00e4rit kest\u00e4v\u00e4t pitk\u00e4\u00e4n.<br>Vaakumi ja surve meetodi eeliseks on t\u00f6\u00f6tlemise p\u00f5hjalikkus ja kiirus.<\/p><p><span style=\"color: #3e7c17;\"><strong>Termo\u00f5litust saab teostada k\u00f5ikidele puitmaterjalidele:<\/strong><\/span><\/p><ul><li>voodrilauad<\/li><li>terrassid<\/li><li>aiam\u00f6\u00f6bel<\/li><li>kuuse, m\u00e4nni ja lehtpuit<\/li><li>termopuit, lehis, troopiline puit jne.<\/li><\/ul><p>Olenemata sellest, mis liiki puiduga on tegemist, muutuvad k\u00f5ik kaitsmata puidu liigid p\u00e4ikese k\u00e4es varem v\u00f5i hiljem halliks, samuti v\u00f5ivad tekkida mikropraod ja kahjustused.<br>Selle v\u00e4ltimiseks on \u00fcks paremaid lahendusi puitu kuum\u00f5litada autoklaavmeetodiga.<\/p>\t\t\t\t\t\t\t\t<\/div>\n\t\t\t\t<\/div>\n\t\t\t\t<div class=\"elementor-element elementor-element-f694105 elementor-widget elementor-widget-gallery\" data-id=\"f694105\" data-element_type=\"widget\" data-e-type=\"widget\" data-settings=\"{&quot;lazyload&quot;:&quot;yes&quot;,&quot;gallery_layout&quot;:&quot;grid&quot;,&quot;columns&quot;:4,&quot;columns_tablet&quot;:2,&quot;columns_mobile&quot;:1,&quot;gap&quot;:{&quot;unit&quot;:&quot;px&quot;,&quot;size&quot;:10,&quot;sizes&quot;:[]},&quot;gap_tablet&quot;:{&quot;unit&quot;:&quot;px&quot;,&quot;size&quot;:10,&quot;sizes&quot;:[]},&quot;gap_mobile&quot;:{&quot;unit&quot;:&quot;px&quot;,&quot;size&quot;:10,&quot;sizes&quot;:[]},&quot;link_to&quot;:&quot;file&quot;,&quot;aspect_ratio&quot;:&quot;3:2&quot;,&quot;overlay_background&quot;:&quot;yes&quot;,&quot;content_hover_animation&quot;:&quot;fade-in&quot;}\" data-widget_type=\"gallery.default\">\n\t\t\t\t<div class=\"elementor-widget-container\">\n\t\t\t\t\t\t\t<div class=\"elementor-gallery__container\">\n\t\t\t\t\t\t\t<a class=\"e-gallery-item elementor-gallery-item elementor-animated-content\" href=\"https:\/\/hansacom.ee\/wp-content\/uploads\/2022\/02\/Puidu-kuumolitamine_3.png\" data-elementor-open-lightbox=\"yes\" data-elementor-lightbox-slideshow=\"f694105\" data-elementor-lightbox-title=\"Puidu-kuum\u00f5litamine_3\" data-e-action-hash=\"#elementor-action%3Aaction%3Dlightbox%26settings%3DeyJpZCI6OTU5LCJ1cmwiOiJodHRwczpcL1wvaGFuc2Fjb20uZWVcL3dwLWNvbnRlbnRcL3VwbG9hZHNcLzIwMjJcLzAyXC9QdWlkdS1rdXVtb2xpdGFtaW5lXzMucG5nIiwic2xpZGVzaG93IjoiZjY5NDEwNSJ9\">\n\t\t\t\t\t<div class=\"e-gallery-image elementor-gallery-item__image\" data-thumbnail=\"https:\/\/hansacom.ee\/wp-content\/uploads\/2022\/02\/Puidu-kuumolitamine_3.png\" data-width=\"299\" data-height=\"255\" aria-label=\"\" role=\"img\" ><\/div>\n\t\t\t\t\t\t\t\t\t\t\t<div class=\"elementor-gallery-item__overlay\"><\/div>\n\t\t\t\t\t\t\t\t\t\t\t\t\t\t<\/a>\n\t\t\t\t\t\t\t<a class=\"e-gallery-item elementor-gallery-item elementor-animated-content\" href=\"https:\/\/hansacom.ee\/wp-content\/uploads\/2022\/02\/pilt2.png\" data-elementor-open-lightbox=\"yes\" data-elementor-lightbox-slideshow=\"f694105\" data-elementor-lightbox-title=\"pilt2\" data-e-action-hash=\"#elementor-action%3Aaction%3Dlightbox%26settings%3DeyJpZCI6MTAxMCwidXJsIjoiaHR0cHM6XC9cL2hhbnNhY29tLmVlXC93cC1jb250ZW50XC91cGxvYWRzXC8yMDIyXC8wMlwvcGlsdDIucG5nIiwic2xpZGVzaG93IjoiZjY5NDEwNSJ9\">\n\t\t\t\t\t<div class=\"e-gallery-image elementor-gallery-item__image\" data-thumbnail=\"https:\/\/hansacom.ee\/wp-content\/uploads\/2022\/02\/pilt2-300x223.png\" data-width=\"300\" data-height=\"223\" aria-label=\"Hansacom\" role=\"img\" ><\/div>\n\t\t\t\t\t\t\t\t\t\t\t<div class=\"elementor-gallery-item__overlay\"><\/div>\n\t\t\t\t\t\t\t\t\t\t\t\t\t\t<\/a>\n\t\t\t\t\t\t\t<a class=\"e-gallery-item elementor-gallery-item elementor-animated-content\" href=\"https:\/\/hansacom.ee\/wp-content\/uploads\/2022\/02\/pilt3-1024x669-1.png\" data-elementor-open-lightbox=\"yes\" data-elementor-lightbox-slideshow=\"f694105\" data-elementor-lightbox-title=\"pilt3-1024x669\" data-e-action-hash=\"#elementor-action%3Aaction%3Dlightbox%26settings%3DeyJpZCI6MTAxMywidXJsIjoiaHR0cHM6XC9cL2hhbnNhY29tLmVlXC93cC1jb250ZW50XC91cGxvYWRzXC8yMDIyXC8wMlwvcGlsdDMtMTAyNHg2NjktMS5wbmciLCJzbGlkZXNob3ciOiJmNjk0MTA1In0%3D\">\n\t\t\t\t\t<div class=\"e-gallery-image elementor-gallery-item__image\" data-thumbnail=\"https:\/\/hansacom.ee\/wp-content\/uploads\/2022\/02\/pilt3-1024x669-1-300x196.png\" data-width=\"300\" data-height=\"196\" aria-label=\"Hansacom\" role=\"img\" ><\/div>\n\t\t\t\t\t\t\t\t\t\t\t<div class=\"elementor-gallery-item__overlay\"><\/div>\n\t\t\t\t\t\t\t\t\t\t\t\t\t\t<\/a>\n\t\t\t\t\t\t\t<a class=\"e-gallery-item elementor-gallery-item elementor-animated-content\" href=\"https:\/\/hansacom.ee\/wp-content\/uploads\/2022\/02\/pilt-604x1024-1.png\" data-elementor-open-lightbox=\"yes\" data-elementor-lightbox-slideshow=\"f694105\" data-elementor-lightbox-title=\"pilt-604x1024\" data-e-action-hash=\"#elementor-action%3Aaction%3Dlightbox%26settings%3DeyJpZCI6MTAxNiwidXJsIjoiaHR0cHM6XC9cL2hhbnNhY29tLmVlXC93cC1jb250ZW50XC91cGxvYWRzXC8yMDIyXC8wMlwvcGlsdC02MDR4MTAyNC0xLnBuZyIsInNsaWRlc2hvdyI6ImY2OTQxMDUifQ%3D%3D\">\n\t\t\t\t\t<div class=\"e-gallery-image elementor-gallery-item__image\" data-thumbnail=\"https:\/\/hansacom.ee\/wp-content\/uploads\/2022\/02\/pilt-604x1024-1-177x300.png\" data-width=\"177\" data-height=\"300\" aria-label=\"Hansacom\" role=\"img\" ><\/div>\n\t\t\t\t\t\t\t\t\t\t\t<div class=\"elementor-gallery-item__overlay\"><\/div>\n\t\t\t\t\t\t\t\t\t\t\t\t\t\t<\/a>\n\t\t\t\t\t<\/div>\n\t\t\t\t\t<\/div>\n\t\t\t\t<\/div>\n\t\t\t\t<div class=\"elementor-element elementor-element-7dbe2aa elementor-widget elementor-widget-spacer\" data-id=\"7dbe2aa\" data-element_type=\"widget\" data-e-type=\"widget\" data-widget_type=\"spacer.default\">\n\t\t\t\t<div class=\"elementor-widget-container\">\n\t\t\t\t\t\t\t<div class=\"elementor-spacer\">\n\t\t\t<div class=\"elementor-spacer-inner\"><\/div>\n\t\t<\/div>\n\t\t\t\t\t\t<\/div>\n\t\t\t\t<\/div>\n\t\t\t\t\t<\/div>\n\t\t<\/div>\n\t\t\t\t\t<\/div>\n\t\t<\/section>\n\t\t\t\t<\/div>\n\t\t","protected":false},"excerpt":{"rendered":"<p>Puidu kuum\u00f5litamine autoklaav meetodil. Terrassi ja fassaadilauad rasketesse ilmastikutingimustesse Tegemist on autoklaavmeetodiga, kusnaturaalne lina\u00f5li kuumutatakse +65 C temperatuuri juures vaakumi abil puidu pinna sisse. Jahtudes aga kinnitub lina\u00f5li tugevasti puidu pooridesse ning tekib vetth\u00fclgav kaitsekiht. Sellise t\u00f6\u00f6tlemise tulemusel saab terrass v\u00f5i voodrilaud vetth\u00fclgava toime seenm\u00e4daniku kaitse UV kaitse kujukindluse s\u00e4ilib puidu originaalne struktuur ja keskkonnas\u00f5bralikkus [&hellip;]<\/p>\n","protected":false},"author":1,"featured_media":0,"parent":0,"menu_order":0,"comment_status":"closed","ping_status":"closed","template":"elementor_header_footer","meta":{"inline_featured_image":false,"site-sidebar-layout":"no-sidebar","site-content-layout":"page-builder","ast-site-content-layout":"default","site-content-style":"default","site-sidebar-style":"default","ast-global-header-display":"","ast-banner-title-visibility":"","ast-main-header-display":"","ast-hfb-above-header-display":"","ast-hfb-below-header-display":"","ast-hfb-mobile-header-display":"","site-post-title":"disabled","ast-breadcrumbs-content":"","ast-featured-img":"disabled","footer-sml-layout":"","ast-disable-related-posts":"","theme-transparent-header-meta":"","adv-header-id-meta":"","stick-header-meta":"","header-above-stick-meta":"","header-main-stick-meta":"","header-below-stick-meta":"","astra-migrate-meta-layouts":"default","ast-page-background-enabled":"default","ast-page-background-meta":{"desktop":{"background-color":"var(--ast-global-color-4)","background-image":"","background-repeat":"repeat","background-position":"center center","background-size":"auto","background-attachment":"scroll","background-type":"","background-media":"","overlay-type":"","overlay-color":"","overlay-opacity":"","overlay-gradient":""},"tablet":{"background-color":"","background-image":"","background-repeat":"repeat","background-position":"center center","background-size":"auto","background-attachment":"scroll","background-type":"","background-media":"","overlay-type":"","overlay-color":"","overlay-opacity":"","overlay-gradient":""},"mobile":{"background-color":"","background-image":"","background-repeat":"repeat","background-position":"center center","background-size":"auto","background-attachment":"scroll","background-type":"","background-media":"","overlay-type":"","overlay-color":"","overlay-opacity":"","overlay-gradient":""}},"ast-content-background-meta":{"desktop":{"background-color":"var(--ast-global-color-5)","background-image":"","background-repeat":"repeat","background-position":"center center","background-size":"auto","background-attachment":"scroll","background-type":"","background-media":"","overlay-type":"","overlay-color":"","overlay-opacity":"","overlay-gradient":""},"tablet":{"background-color":"var(--ast-global-color-5)","background-image":"","background-repeat":"repeat","background-position":"center center","background-size":"auto","background-attachment":"scroll","background-type":"","background-media":"","overlay-type":"","overlay-color":"","overlay-opacity":"","overlay-gradient":""},"mobile":{"background-color":"var(--ast-global-color-5)","background-image":"","background-repeat":"repeat","background-position":"center center","background-size":"auto","background-attachment":"scroll","background-type":"","background-media":"","overlay-type":"","overlay-color":"","overlay-opacity":"","overlay-gradient":""}},"footnotes":""},"class_list":["post-1432","page","type-page","status-publish","hentry"],"yoast_head":"<!-- This site is optimized with the Yoast SEO plugin v27.2 - https:\/\/yoast.com\/product\/yoast-seo-wordpress\/ -->\n<title>Puun kuuma\u00f6ljytys | Hansacom<\/title>\n<meta name=\"description\" content=\"Tegemist on autoklaavmeetodiga, kusnaturaalne lina\u00f5li kuumutatakse +65 C temperatuuri juures vaakumi abil puidu pinna sisse. Jahtudes aga kinnitub lina\u00f5li tugevasti puidu pooridesse ning tekib vetth\u00fclgav kaitsekiht.\" \/>\n<meta name=\"robots\" content=\"index, follow, max-snippet:-1, max-image-preview:large, max-video-preview:-1\" \/>\n<link rel=\"canonical\" href=\"https:\/\/hansacom.ee\/fi\/puun-kuumaoljytys\/\" \/>\n<meta property=\"og:locale\" content=\"fi_FI\" \/>\n<meta property=\"og:type\" content=\"article\" \/>\n<meta property=\"og:title\" content=\"Puun kuuma\u00f6ljytys | Hansacom\" \/>\n<meta property=\"og:description\" content=\"Tegemist on autoklaavmeetodiga, kusnaturaalne lina\u00f5li kuumutatakse +65 C temperatuuri juures vaakumi abil puidu pinna sisse. Jahtudes aga kinnitub lina\u00f5li tugevasti puidu pooridesse ning tekib vetth\u00fclgav kaitsekiht.\" \/>\n<meta property=\"og:url\" content=\"https:\/\/hansacom.ee\/fi\/puun-kuumaoljytys\/\" \/>\n<meta property=\"og:site_name\" content=\"Hansacom\" \/>\n<meta property=\"article:modified_time\" content=\"2024-10-18T12:17:08+00:00\" \/>\n<meta name=\"twitter:card\" content=\"summary_large_image\" \/>\n<meta name=\"twitter:label1\" content=\"Arvioitu lukuaika\" \/>\n\t<meta name=\"twitter:data1\" content=\"1 minuutti\" \/>\n<script type=\"application\/ld+json\" class=\"yoast-schema-graph\">{\"@context\":\"https:\/\/schema.org\",\"@graph\":[{\"@type\":\"WebPage\",\"@id\":\"https:\/\/hansacom.ee\/fi\/puun-kuumaoljytys\/\",\"url\":\"https:\/\/hansacom.ee\/fi\/puun-kuumaoljytys\/\",\"name\":\"Puun kuuma\u00f6ljytys | Hansacom\",\"isPartOf\":{\"@id\":\"https:\/\/hansacom.ee\/fi\/#website\"},\"datePublished\":\"2022-05-12T10:48:28+00:00\",\"dateModified\":\"2024-10-18T12:17:08+00:00\",\"description\":\"Tegemist on autoklaavmeetodiga, kusnaturaalne lina\u00f5li kuumutatakse +65 C temperatuuri juures vaakumi abil puidu pinna sisse. Jahtudes aga kinnitub lina\u00f5li tugevasti puidu pooridesse ning tekib vetth\u00fclgav kaitsekiht.\",\"breadcrumb\":{\"@id\":\"https:\/\/hansacom.ee\/fi\/puun-kuumaoljytys\/#breadcrumb\"},\"inLanguage\":\"fi\",\"potentialAction\":[{\"@type\":\"ReadAction\",\"target\":[\"https:\/\/hansacom.ee\/fi\/puun-kuumaoljytys\/\"]}]},{\"@type\":\"BreadcrumbList\",\"@id\":\"https:\/\/hansacom.ee\/fi\/puun-kuumaoljytys\/#breadcrumb\",\"itemListElement\":[{\"@type\":\"ListItem\",\"position\":1,\"name\":\"Home\",\"item\":\"https:\/\/hansacom.ee\/fi\/\"},{\"@type\":\"ListItem\",\"position\":2,\"name\":\"Puun kuuma\u00f6ljytys\"}]},{\"@type\":\"WebSite\",\"@id\":\"https:\/\/hansacom.ee\/fi\/#website\",\"url\":\"https:\/\/hansacom.ee\/fi\/\",\"name\":\"Hansacom\",\"description\":\"...ja puit talub niiskust\",\"publisher\":{\"@id\":\"https:\/\/hansacom.ee\/fi\/#organization\"},\"potentialAction\":[{\"@type\":\"SearchAction\",\"target\":{\"@type\":\"EntryPoint\",\"urlTemplate\":\"https:\/\/hansacom.ee\/fi\/?s={search_term_string}\"},\"query-input\":{\"@type\":\"PropertyValueSpecification\",\"valueRequired\":true,\"valueName\":\"search_term_string\"}}],\"inLanguage\":\"fi\"},{\"@type\":\"Organization\",\"@id\":\"https:\/\/hansacom.ee\/fi\/#organization\",\"name\":\"Hansacom O\u00dc\",\"url\":\"https:\/\/hansacom.ee\/fi\/\",\"logo\":{\"@type\":\"ImageObject\",\"inLanguage\":\"fi\",\"@id\":\"https:\/\/hansacom.ee\/fi\/#\/schema\/logo\/image\/\",\"url\":\"https:\/\/hansacom.ee\/wp-content\/uploads\/2022\/02\/hansacom.svg\",\"contentUrl\":\"https:\/\/hansacom.ee\/wp-content\/uploads\/2022\/02\/hansacom.svg\",\"width\":671,\"height\":218,\"caption\":\"Hansacom O\u00dc\"},\"image\":{\"@id\":\"https:\/\/hansacom.ee\/fi\/#\/schema\/logo\/image\/\"}}]}<\/script>\n<!-- \/ Yoast SEO plugin. -->","yoast_head_json":{"title":"Puun kuuma\u00f6ljytys | Hansacom","description":"Tegemist on autoklaavmeetodiga, kusnaturaalne lina\u00f5li kuumutatakse +65 C temperatuuri juures vaakumi abil puidu pinna sisse. Jahtudes aga kinnitub lina\u00f5li tugevasti puidu pooridesse ning tekib vetth\u00fclgav kaitsekiht.","robots":{"index":"index","follow":"follow","max-snippet":"max-snippet:-1","max-image-preview":"max-image-preview:large","max-video-preview":"max-video-preview:-1"},"canonical":"https:\/\/hansacom.ee\/fi\/puun-kuumaoljytys\/","og_locale":"fi_FI","og_type":"article","og_title":"Puun kuuma\u00f6ljytys | Hansacom","og_description":"Tegemist on autoklaavmeetodiga, kusnaturaalne lina\u00f5li kuumutatakse +65 C temperatuuri juures vaakumi abil puidu pinna sisse. Jahtudes aga kinnitub lina\u00f5li tugevasti puidu pooridesse ning tekib vetth\u00fclgav kaitsekiht.","og_url":"https:\/\/hansacom.ee\/fi\/puun-kuumaoljytys\/","og_site_name":"Hansacom","article_modified_time":"2024-10-18T12:17:08+00:00","twitter_card":"summary_large_image","twitter_misc":{"Arvioitu lukuaika":"1 minuutti"},"schema":{"@context":"https:\/\/schema.org","@graph":[{"@type":"WebPage","@id":"https:\/\/hansacom.ee\/fi\/puun-kuumaoljytys\/","url":"https:\/\/hansacom.ee\/fi\/puun-kuumaoljytys\/","name":"Puun kuuma\u00f6ljytys | Hansacom","isPartOf":{"@id":"https:\/\/hansacom.ee\/fi\/#website"},"datePublished":"2022-05-12T10:48:28+00:00","dateModified":"2024-10-18T12:17:08+00:00","description":"Tegemist on autoklaavmeetodiga, kusnaturaalne lina\u00f5li kuumutatakse +65 C temperatuuri juures vaakumi abil puidu pinna sisse. Jahtudes aga kinnitub lina\u00f5li tugevasti puidu pooridesse ning tekib vetth\u00fclgav kaitsekiht.","breadcrumb":{"@id":"https:\/\/hansacom.ee\/fi\/puun-kuumaoljytys\/#breadcrumb"},"inLanguage":"fi","potentialAction":[{"@type":"ReadAction","target":["https:\/\/hansacom.ee\/fi\/puun-kuumaoljytys\/"]}]},{"@type":"BreadcrumbList","@id":"https:\/\/hansacom.ee\/fi\/puun-kuumaoljytys\/#breadcrumb","itemListElement":[{"@type":"ListItem","position":1,"name":"Home","item":"https:\/\/hansacom.ee\/fi\/"},{"@type":"ListItem","position":2,"name":"Puun kuuma\u00f6ljytys"}]},{"@type":"WebSite","@id":"https:\/\/hansacom.ee\/fi\/#website","url":"https:\/\/hansacom.ee\/fi\/","name":"Hansacom","description":"...ja puit talub niiskust","publisher":{"@id":"https:\/\/hansacom.ee\/fi\/#organization"},"potentialAction":[{"@type":"SearchAction","target":{"@type":"EntryPoint","urlTemplate":"https:\/\/hansacom.ee\/fi\/?s={search_term_string}"},"query-input":{"@type":"PropertyValueSpecification","valueRequired":true,"valueName":"search_term_string"}}],"inLanguage":"fi"},{"@type":"Organization","@id":"https:\/\/hansacom.ee\/fi\/#organization","name":"Hansacom O\u00dc","url":"https:\/\/hansacom.ee\/fi\/","logo":{"@type":"ImageObject","inLanguage":"fi","@id":"https:\/\/hansacom.ee\/fi\/#\/schema\/logo\/image\/","url":"https:\/\/hansacom.ee\/wp-content\/uploads\/2022\/02\/hansacom.svg","contentUrl":"https:\/\/hansacom.ee\/wp-content\/uploads\/2022\/02\/hansacom.svg","width":671,"height":218,"caption":"Hansacom O\u00dc"},"image":{"@id":"https:\/\/hansacom.ee\/fi\/#\/schema\/logo\/image\/"}}]}},"_links":{"self":[{"href":"https:\/\/hansacom.ee\/fi\/wp-json\/wp\/v2\/pages\/1432","targetHints":{"allow":["GET"]}}],"collection":[{"href":"https:\/\/hansacom.ee\/fi\/wp-json\/wp\/v2\/pages"}],"about":[{"href":"https:\/\/hansacom.ee\/fi\/wp-json\/wp\/v2\/types\/page"}],"author":[{"embeddable":true,"href":"https:\/\/hansacom.ee\/fi\/wp-json\/wp\/v2\/users\/1"}],"replies":[{"embeddable":true,"href":"https:\/\/hansacom.ee\/fi\/wp-json\/wp\/v2\/comments?post=1432"}],"version-history":[{"count":11,"href":"https:\/\/hansacom.ee\/fi\/wp-json\/wp\/v2\/pages\/1432\/revisions"}],"predecessor-version":[{"id":2068,"href":"https:\/\/hansacom.ee\/fi\/wp-json\/wp\/v2\/pages\/1432\/revisions\/2068"}],"wp:attachment":[{"href":"https:\/\/hansacom.ee\/fi\/wp-json\/wp\/v2\/media?parent=1432"}],"curies":[{"name":"wp","href":"https:\/\/api.w.org\/{rel}","templated":true}]}}