{"id":1424,"date":"2022-05-12T10:35:00","date_gmt":"2022-05-12T10:35:00","guid":{"rendered":"https:\/\/hansacom.ee\/puun-viholliset\/"},"modified":"2025-04-10T11:01:11","modified_gmt":"2025-04-10T09:01:11","slug":"puun-viholliset","status":"publish","type":"page","link":"https:\/\/hansacom.ee\/fi\/puun-viholliset\/","title":{"rendered":"Puun viholliset"},"content":{"rendered":"\t\t<div data-elementor-type=\"wp-page\" data-elementor-id=\"1424\" class=\"elementor elementor-1424 elementor-50\" data-elementor-post-type=\"page\">\n\t\t\t\t\t\t<section class=\"elementor-section elementor-top-section elementor-element elementor-element-ceda26f elementor-section-boxed elementor-section-height-default elementor-section-height-default\" data-id=\"ceda26f\" data-element_type=\"section\" data-e-type=\"section\" data-settings=\"{&quot;background_background&quot;:&quot;gradient&quot;}\">\n\t\t\t\t\t\t<div class=\"elementor-container elementor-column-gap-default\">\n\t\t\t\t\t<div class=\"elementor-column elementor-col-100 elementor-top-column elementor-element elementor-element-30a230b\" data-id=\"30a230b\" data-element_type=\"column\" data-e-type=\"column\">\n\t\t\t<div class=\"elementor-widget-wrap elementor-element-populated\">\n\t\t\t\t\t\t<div class=\"elementor-element elementor-element-bda5c08 elementor-widget elementor-widget-spacer\" data-id=\"bda5c08\" data-element_type=\"widget\" data-e-type=\"widget\" data-widget_type=\"spacer.default\">\n\t\t\t\t<div class=\"elementor-widget-container\">\n\t\t\t\t\t\t\t<div class=\"elementor-spacer\">\n\t\t\t<div class=\"elementor-spacer-inner\"><\/div>\n\t\t<\/div>\n\t\t\t\t\t\t<\/div>\n\t\t\t\t<\/div>\n\t\t\t\t<div class=\"elementor-element elementor-element-b3f4747 elementor-invisible elementor-widget elementor-widget-heading\" data-id=\"b3f4747\" data-element_type=\"widget\" data-e-type=\"widget\" data-settings=\"{&quot;_animation&quot;:&quot;fadeInLeft&quot;}\" data-widget_type=\"heading.default\">\n\t\t\t\t<div class=\"elementor-widget-container\">\n\t\t\t\t\t<h2 class=\"elementor-heading-title elementor-size-default\">Puun viholliset<\/h2>\t\t\t\t<\/div>\n\t\t\t\t<\/div>\n\t\t\t\t<div class=\"elementor-element elementor-element-f2d829f elementor-widget elementor-widget-spacer\" data-id=\"f2d829f\" data-element_type=\"widget\" data-e-type=\"widget\" data-widget_type=\"spacer.default\">\n\t\t\t\t<div class=\"elementor-widget-container\">\n\t\t\t\t\t\t\t<div class=\"elementor-spacer\">\n\t\t\t<div class=\"elementor-spacer-inner\"><\/div>\n\t\t<\/div>\n\t\t\t\t\t\t<\/div>\n\t\t\t\t<\/div>\n\t\t\t\t\t<\/div>\n\t\t<\/div>\n\t\t\t\t\t<\/div>\n\t\t<\/section>\n\t\t\t\t<section class=\"elementor-section elementor-top-section elementor-element elementor-element-0163300 elementor-section-boxed elementor-section-height-default elementor-section-height-default\" data-id=\"0163300\" data-element_type=\"section\" data-e-type=\"section\">\n\t\t\t\t\t\t<div class=\"elementor-container elementor-column-gap-default\">\n\t\t\t\t\t<div class=\"elementor-column elementor-col-100 elementor-top-column elementor-element elementor-element-4b904d7\" data-id=\"4b904d7\" data-element_type=\"column\" data-e-type=\"column\">\n\t\t\t<div class=\"elementor-widget-wrap elementor-element-populated\">\n\t\t\t\t\t\t<div class=\"elementor-element elementor-element-1e0bcaa elementor-widget elementor-widget-spacer\" data-id=\"1e0bcaa\" data-element_type=\"widget\" data-e-type=\"widget\" data-widget_type=\"spacer.default\">\n\t\t\t\t<div class=\"elementor-widget-container\">\n\t\t\t\t\t\t\t<div class=\"elementor-spacer\">\n\t\t\t<div class=\"elementor-spacer-inner\"><\/div>\n\t\t<\/div>\n\t\t\t\t\t\t<\/div>\n\t\t\t\t<\/div>\n\t\t\t\t<div class=\"elementor-element elementor-element-b4c12dc elementor-widget elementor-widget-text-editor\" data-id=\"b4c12dc\" data-element_type=\"widget\" data-e-type=\"widget\" data-widget_type=\"text-editor.default\">\n\t\t\t\t<div class=\"elementor-widget-container\">\n\t\t\t\t\t\t\t\t\t<p>Puuta uhkaavat monenlaiset tuholaiset.<\/p>\t\t\t\t\t\t\t\t<\/div>\n\t\t\t\t<\/div>\n\t\t\t\t<div class=\"elementor-element elementor-element-88eb46f elementor-widget elementor-widget-gallery\" data-id=\"88eb46f\" data-element_type=\"widget\" data-e-type=\"widget\" data-settings=\"{&quot;columns&quot;:3,&quot;lazyload&quot;:&quot;yes&quot;,&quot;gallery_layout&quot;:&quot;grid&quot;,&quot;columns_tablet&quot;:2,&quot;columns_mobile&quot;:1,&quot;gap&quot;:{&quot;unit&quot;:&quot;px&quot;,&quot;size&quot;:10,&quot;sizes&quot;:[]},&quot;gap_tablet&quot;:{&quot;unit&quot;:&quot;px&quot;,&quot;size&quot;:10,&quot;sizes&quot;:[]},&quot;gap_mobile&quot;:{&quot;unit&quot;:&quot;px&quot;,&quot;size&quot;:10,&quot;sizes&quot;:[]},&quot;link_to&quot;:&quot;file&quot;,&quot;aspect_ratio&quot;:&quot;3:2&quot;,&quot;overlay_background&quot;:&quot;yes&quot;,&quot;content_hover_animation&quot;:&quot;fade-in&quot;}\" data-widget_type=\"gallery.default\">\n\t\t\t\t<div class=\"elementor-widget-container\">\n\t\t\t\t\t\t\t\t<div class=\"elementor-gallery__titles-container e--pointer-underline e--animation-fade\" aria-label=\"Gallery filter\">\n\t\t\t\t\n\t\t\t\t\t\t\t\t\t<a class=\"elementor-item elementor-gallery-title\" role=\"button\" tabindex=\"0\" data-gallery-index=\"0\">\n\t\t\t\t\t\tSienet\t\t\t\t\t<\/a>\n\t\t\t\t\t\t\t\t\t\t<a class=\"elementor-item elementor-gallery-title\" role=\"button\" tabindex=\"0\" data-gallery-index=\"1\">\n\t\t\t\t\t\t\u00d6t\u00f6k\u00e4t\t\t\t\t\t<\/a>\n\t\t\t\t\t\t\t\t\t\t<a class=\"elementor-item elementor-gallery-title\" role=\"button\" tabindex=\"0\" data-gallery-index=\"2\">\n\t\t\t\t\t\tTermiitit\t\t\t\t\t<\/a>\n\t\t\t\t\t\t\t\t\t\t<a class=\"elementor-item elementor-gallery-title\" role=\"button\" tabindex=\"0\" data-gallery-index=\"3\">\n\t\t\t\t\t\tMerelle\t\t\t\t\t<\/a>\n\t\t\t\t\t\t\t\t\t\t<a class=\"elementor-item elementor-gallery-title\" role=\"button\" tabindex=\"0\" data-gallery-index=\"4\">\n\t\t\t\t\t\tHallitus\t\t\t\t\t<\/a>\n\t\t\t\t\t\t\t\t<\/div>\n\t\t\t\t\t<div class=\"elementor-gallery__container\">\n\t\t\t\t\t\t\t<a class=\"e-gallery-item elementor-gallery-item elementor-animated-content\" data-e-gallery-tags=\"0\" href=\"https:\/\/hansacom.ee\/wp-content\/uploads\/2022\/02\/seened2.png\" data-elementor-open-lightbox=\"yes\" data-elementor-lightbox-slideshow=\"88eb46f\" data-elementor-lightbox-title=\"seened2\" data-e-action-hash=\"#elementor-action%3Aaction%3Dlightbox%26settings%3DeyJpZCI6OTgzLCJ1cmwiOiJodHRwczpcL1wvaGFuc2Fjb20uZWVcL3dwLWNvbnRlbnRcL3VwbG9hZHNcLzIwMjJcLzAyXC9zZWVuZWQyLnBuZyIsInNsaWRlc2hvdyI6Ijg4ZWI0NmYifQ%3D%3D\">\n\t\t\t\t\t<div class=\"e-gallery-image elementor-gallery-item__image\" data-thumbnail=\"https:\/\/hansacom.ee\/wp-content\/uploads\/2022\/02\/seened2.png\" data-width=\"395\" data-height=\"300\" aria-label=\"Hansacom\" role=\"img\" ><\/div>\n\t\t\t\t\t\t\t\t\t\t\t<div class=\"elementor-gallery-item__overlay\"><\/div>\n\t\t\t\t\t\t\t\t\t\t\t\t\t\t<\/a>\n\t\t\t\t\t\t\t<a class=\"e-gallery-item elementor-gallery-item elementor-animated-content\" data-e-gallery-tags=\"0\" href=\"https:\/\/hansacom.ee\/wp-content\/uploads\/2022\/02\/45.jpg\" data-elementor-open-lightbox=\"yes\" data-elementor-lightbox-slideshow=\"88eb46f\" data-elementor-lightbox-title=\"45\" data-e-action-hash=\"#elementor-action%3Aaction%3Dlightbox%26settings%3DeyJpZCI6MTA3MywidXJsIjoiaHR0cHM6XC9cL2hhbnNhY29tLmVlXC93cC1jb250ZW50XC91cGxvYWRzXC8yMDIyXC8wMlwvNDUuanBnIiwic2xpZGVzaG93IjoiODhlYjQ2ZiJ9\">\n\t\t\t\t\t<div class=\"e-gallery-image elementor-gallery-item__image\" data-thumbnail=\"https:\/\/hansacom.ee\/wp-content\/uploads\/2022\/02\/45.jpg\" data-width=\"660\" data-height=\"495\" aria-label=\"Hansacom\" role=\"img\" ><\/div>\n\t\t\t\t\t\t\t\t\t\t\t<div class=\"elementor-gallery-item__overlay\"><\/div>\n\t\t\t\t\t\t\t\t\t\t\t\t\t\t<\/a>\n\t\t\t\t\t\t\t<a class=\"e-gallery-item elementor-gallery-item elementor-animated-content\" data-e-gallery-tags=\"0\" href=\"https:\/\/hansacom.ee\/wp-content\/uploads\/2022\/02\/3573_gribok-na-drevesine.jpg\" data-elementor-open-lightbox=\"yes\" data-elementor-lightbox-slideshow=\"88eb46f\" data-elementor-lightbox-title=\"3573_gribok-na-drevesine\" data-e-action-hash=\"#elementor-action%3Aaction%3Dlightbox%26settings%3DeyJpZCI6MTA3NiwidXJsIjoiaHR0cHM6XC9cL2hhbnNhY29tLmVlXC93cC1jb250ZW50XC91cGxvYWRzXC8yMDIyXC8wMlwvMzU3M19ncmlib2stbmEtZHJldmVzaW5lLmpwZyIsInNsaWRlc2hvdyI6Ijg4ZWI0NmYifQ%3D%3D\">\n\t\t\t\t\t<div class=\"e-gallery-image elementor-gallery-item__image\" data-thumbnail=\"https:\/\/hansacom.ee\/wp-content\/uploads\/2022\/02\/3573_gribok-na-drevesine.jpg\" data-width=\"640\" data-height=\"480\" aria-label=\"Hansacom\" role=\"img\" ><\/div>\n\t\t\t\t\t\t\t\t\t\t\t<div class=\"elementor-gallery-item__overlay\"><\/div>\n\t\t\t\t\t\t\t\t\t\t\t\t\t\t<\/a>\n\t\t\t\t\t\t\t<a class=\"e-gallery-item elementor-gallery-item elementor-animated-content\" data-e-gallery-tags=\"0\" href=\"https:\/\/hansacom.ee\/wp-content\/uploads\/2022\/02\/chernyj-gribok-chem-opasen-2.jpg.preview.jpg\" data-elementor-open-lightbox=\"yes\" data-elementor-lightbox-slideshow=\"88eb46f\" data-elementor-lightbox-title=\"chernyj-gribok-chem-opasen-2.jpg.preview\" data-e-action-hash=\"#elementor-action%3Aaction%3Dlightbox%26settings%3DeyJpZCI6MTA3OSwidXJsIjoiaHR0cHM6XC9cL2hhbnNhY29tLmVlXC93cC1jb250ZW50XC91cGxvYWRzXC8yMDIyXC8wMlwvY2hlcm55ai1ncmlib2stY2hlbS1vcGFzZW4tMi5qcGcucHJldmlldy5qcGciLCJzbGlkZXNob3ciOiI4OGViNDZmIn0%3D\">\n\t\t\t\t\t<div class=\"e-gallery-image elementor-gallery-item__image\" data-thumbnail=\"https:\/\/hansacom.ee\/wp-content\/uploads\/2022\/02\/chernyj-gribok-chem-opasen-2.jpg.preview.jpg\" data-width=\"600\" data-height=\"471\" aria-label=\"Hansacom\" role=\"img\" ><\/div>\n\t\t\t\t\t\t\t\t\t\t\t<div class=\"elementor-gallery-item__overlay\"><\/div>\n\t\t\t\t\t\t\t\t\t\t\t\t\t\t<\/a>\n\t\t\t\t\t\t\t<a class=\"e-gallery-item elementor-gallery-item elementor-animated-content\" data-e-gallery-tags=\"1\" href=\"https:\/\/hansacom.ee\/wp-content\/uploads\/2022\/02\/putukad2.png\" data-elementor-open-lightbox=\"yes\" data-elementor-lightbox-slideshow=\"88eb46f\" data-elementor-lightbox-title=\"putukad2\" data-e-action-hash=\"#elementor-action%3Aaction%3Dlightbox%26settings%3DeyJpZCI6OTg2LCJ1cmwiOiJodHRwczpcL1wvaGFuc2Fjb20uZWVcL3dwLWNvbnRlbnRcL3VwbG9hZHNcLzIwMjJcLzAyXC9wdXR1a2FkMi5wbmciLCJzbGlkZXNob3ciOiI4OGViNDZmIn0%3D\">\n\t\t\t\t\t<div class=\"e-gallery-image elementor-gallery-item__image\" data-thumbnail=\"https:\/\/hansacom.ee\/wp-content\/uploads\/2022\/02\/putukad2.png\" data-width=\"395\" data-height=\"300\" aria-label=\"Hansacom\" role=\"img\" ><\/div>\n\t\t\t\t\t\t\t\t\t\t\t<div class=\"elementor-gallery-item__overlay\"><\/div>\n\t\t\t\t\t\t\t\t\t\t\t\t\t\t<\/a>\n\t\t\t\t\t\t\t<a class=\"e-gallery-item elementor-gallery-item elementor-animated-content\" data-e-gallery-tags=\"1\" href=\"https:\/\/hansacom.ee\/wp-content\/uploads\/2022\/02\/putukad3.png\" data-elementor-open-lightbox=\"yes\" data-elementor-lightbox-slideshow=\"88eb46f\" data-elementor-lightbox-title=\"putukad3\" data-e-action-hash=\"#elementor-action%3Aaction%3Dlightbox%26settings%3DeyJpZCI6OTg5LCJ1cmwiOiJodHRwczpcL1wvaGFuc2Fjb20uZWVcL3dwLWNvbnRlbnRcL3VwbG9hZHNcLzIwMjJcLzAyXC9wdXR1a2FkMy5wbmciLCJzbGlkZXNob3ciOiI4OGViNDZmIn0%3D\">\n\t\t\t\t\t<div class=\"e-gallery-image elementor-gallery-item__image\" data-thumbnail=\"https:\/\/hansacom.ee\/wp-content\/uploads\/2022\/02\/putukad3.png\" data-width=\"395\" data-height=\"300\" aria-label=\"Hansacom\" role=\"img\" ><\/div>\n\t\t\t\t\t\t\t\t\t\t\t<div class=\"elementor-gallery-item__overlay\"><\/div>\n\t\t\t\t\t\t\t\t\t\t\t\t\t\t<\/a>\n\t\t\t\t\t\t\t<a class=\"e-gallery-item elementor-gallery-item elementor-animated-content\" data-e-gallery-tags=\"1\" href=\"https:\/\/hansacom.ee\/wp-content\/uploads\/2022\/02\/putukad.png\" data-elementor-open-lightbox=\"yes\" data-elementor-lightbox-slideshow=\"88eb46f\" data-elementor-lightbox-title=\"putukad\" data-e-action-hash=\"#elementor-action%3Aaction%3Dlightbox%26settings%3DeyJpZCI6OTkyLCJ1cmwiOiJodHRwczpcL1wvaGFuc2Fjb20uZWVcL3dwLWNvbnRlbnRcL3VwbG9hZHNcLzIwMjJcLzAyXC9wdXR1a2FkLnBuZyIsInNsaWRlc2hvdyI6Ijg4ZWI0NmYifQ%3D%3D\">\n\t\t\t\t\t<div class=\"e-gallery-image elementor-gallery-item__image\" data-thumbnail=\"https:\/\/hansacom.ee\/wp-content\/uploads\/2022\/02\/putukad.png\" data-width=\"395\" data-height=\"300\" aria-label=\"Hansacom\" role=\"img\" ><\/div>\n\t\t\t\t\t\t\t\t\t\t\t<div class=\"elementor-gallery-item__overlay\"><\/div>\n\t\t\t\t\t\t\t\t\t\t\t\t\t\t<\/a>\n\t\t\t\t\t\t\t<a class=\"e-gallery-item elementor-gallery-item elementor-animated-content\" data-e-gallery-tags=\"2\" href=\"https:\/\/hansacom.ee\/wp-content\/uploads\/2022\/02\/termiidid.png\" data-elementor-open-lightbox=\"yes\" data-elementor-lightbox-slideshow=\"88eb46f\" data-elementor-lightbox-title=\"termiidid\" data-e-action-hash=\"#elementor-action%3Aaction%3Dlightbox%26settings%3DeyJpZCI6MTAwMSwidXJsIjoiaHR0cHM6XC9cL2hhbnNhY29tLmVlXC93cC1jb250ZW50XC91cGxvYWRzXC8yMDIyXC8wMlwvdGVybWlpZGlkLnBuZyIsInNsaWRlc2hvdyI6Ijg4ZWI0NmYifQ%3D%3D\">\n\t\t\t\t\t<div class=\"e-gallery-image elementor-gallery-item__image\" data-thumbnail=\"https:\/\/hansacom.ee\/wp-content\/uploads\/2022\/02\/termiidid.png\" data-width=\"395\" data-height=\"300\" aria-label=\"Hansacom\" role=\"img\" ><\/div>\n\t\t\t\t\t\t\t\t\t\t\t<div class=\"elementor-gallery-item__overlay\"><\/div>\n\t\t\t\t\t\t\t\t\t\t\t\t\t\t<\/a>\n\t\t\t\t\t\t\t<a class=\"e-gallery-item elementor-gallery-item elementor-animated-content\" data-e-gallery-tags=\"3\" href=\"https:\/\/hansacom.ee\/wp-content\/uploads\/2022\/02\/mereseen.png\" data-elementor-open-lightbox=\"yes\" data-elementor-lightbox-slideshow=\"88eb46f\" data-elementor-lightbox-title=\"mereseen\" data-e-action-hash=\"#elementor-action%3Aaction%3Dlightbox%26settings%3DeyJpZCI6MTAwNCwidXJsIjoiaHR0cHM6XC9cL2hhbnNhY29tLmVlXC93cC1jb250ZW50XC91cGxvYWRzXC8yMDIyXC8wMlwvbWVyZXNlZW4ucG5nIiwic2xpZGVzaG93IjoiODhlYjQ2ZiJ9\">\n\t\t\t\t\t<div class=\"e-gallery-image elementor-gallery-item__image\" data-thumbnail=\"https:\/\/hansacom.ee\/wp-content\/uploads\/2022\/02\/mereseen.png\" data-width=\"395\" data-height=\"300\" aria-label=\"Hansacom\" role=\"img\" ><\/div>\n\t\t\t\t\t\t\t\t\t\t\t<div class=\"elementor-gallery-item__overlay\"><\/div>\n\t\t\t\t\t\t\t\t\t\t\t\t\t\t<\/a>\n\t\t\t\t\t\t\t<a class=\"e-gallery-item elementor-gallery-item elementor-animated-content\" data-e-gallery-tags=\"4\" href=\"https:\/\/hansacom.ee\/wp-content\/uploads\/2022\/02\/hallitus.png\" data-elementor-open-lightbox=\"yes\" data-elementor-lightbox-slideshow=\"88eb46f\" data-elementor-lightbox-title=\"hallitus\" data-e-action-hash=\"#elementor-action%3Aaction%3Dlightbox%26settings%3DeyJpZCI6MTAwNywidXJsIjoiaHR0cHM6XC9cL2hhbnNhY29tLmVlXC93cC1jb250ZW50XC91cGxvYWRzXC8yMDIyXC8wMlwvaGFsbGl0dXMucG5nIiwic2xpZGVzaG93IjoiODhlYjQ2ZiJ9\">\n\t\t\t\t\t<div class=\"e-gallery-image elementor-gallery-item__image\" data-thumbnail=\"https:\/\/hansacom.ee\/wp-content\/uploads\/2022\/02\/hallitus.png\" data-width=\"395\" data-height=\"300\" aria-label=\"Hansacom\" role=\"img\" ><\/div>\n\t\t\t\t\t\t\t\t\t\t\t<div class=\"elementor-gallery-item__overlay\"><\/div>\n\t\t\t\t\t\t\t\t\t\t\t\t\t\t<\/a>\n\t\t\t\t\t<\/div>\n\t\t\t\t\t<\/div>\n\t\t\t\t<\/div>\n\t\t\t\t<div class=\"elementor-element elementor-element-a33d1d3 elementor-widget elementor-widget-spacer\" data-id=\"a33d1d3\" data-element_type=\"widget\" data-e-type=\"widget\" data-widget_type=\"spacer.default\">\n\t\t\t\t<div class=\"elementor-widget-container\">\n\t\t\t\t\t\t\t<div class=\"elementor-spacer\">\n\t\t\t<div class=\"elementor-spacer-inner\"><\/div>\n\t\t<\/div>\n\t\t\t\t\t\t<\/div>\n\t\t\t\t<\/div>\n\t\t\t\t\t<\/div>\n\t\t<\/div>\n\t\t\t\t\t<\/div>\n\t\t<\/section>\n\t\t\t\t<\/div>\n\t\t","protected":false},"excerpt":{"rendered":"<p>Puun viholliset Puuta uhkaavat monenlaiset tuholaiset. Sienet \u00d6t\u00f6k\u00e4t Termiitit Merelle Hallitus<\/p>\n","protected":false},"author":1,"featured_media":0,"parent":0,"menu_order":0,"comment_status":"closed","ping_status":"closed","template":"elementor_header_footer","meta":{"inline_featured_image":false,"site-sidebar-layout":"no-sidebar","site-content-layout":"page-builder","ast-site-content-layout":"default","site-content-style":"default","site-sidebar-style":"default","ast-global-header-display":"","ast-banner-title-visibility":"","ast-main-header-display":"","ast-hfb-above-header-display":"","ast-hfb-below-header-display":"","ast-hfb-mobile-header-display":"","site-post-title":"disabled","ast-breadcrumbs-content":"","ast-featured-img":"disabled","footer-sml-layout":"","ast-disable-related-posts":"","theme-transparent-header-meta":"","adv-header-id-meta":"","stick-header-meta":"","header-above-stick-meta":"","header-main-stick-meta":"","header-below-stick-meta":"","astra-migrate-meta-layouts":"default","ast-page-background-enabled":"default","ast-page-background-meta":{"desktop":{"background-color":"var(--ast-global-color-4)","background-image":"","background-repeat":"repeat","background-position":"center center","background-size":"auto","background-attachment":"scroll","background-type":"","background-media":"","overlay-type":"","overlay-color":"","overlay-opacity":"","overlay-gradient":""},"tablet":{"background-color":"","background-image":"","background-repeat":"repeat","background-position":"center center","background-size":"auto","background-attachment":"scroll","background-type":"","background-media":"","overlay-type":"","overlay-color":"","overlay-opacity":"","overlay-gradient":""},"mobile":{"background-color":"","background-image":"","background-repeat":"repeat","background-position":"center center","background-size":"auto","background-attachment":"scroll","background-type":"","background-media":"","overlay-type":"","overlay-color":"","overlay-opacity":"","overlay-gradient":""}},"ast-content-background-meta":{"desktop":{"background-color":"var(--ast-global-color-5)","background-image":"","background-repeat":"repeat","background-position":"center center","background-size":"auto","background-attachment":"scroll","background-type":"","background-media":"","overlay-type":"","overlay-color":"","overlay-opacity":"","overlay-gradient":""},"tablet":{"background-color":"var(--ast-global-color-5)","background-image":"","background-repeat":"repeat","background-position":"center center","background-size":"auto","background-attachment":"scroll","background-type":"","background-media":"","overlay-type":"","overlay-color":"","overlay-opacity":"","overlay-gradient":""},"mobile":{"background-color":"var(--ast-global-color-5)","background-image":"","background-repeat":"repeat","background-position":"center center","background-size":"auto","background-attachment":"scroll","background-type":"","background-media":"","overlay-type":"","overlay-color":"","overlay-opacity":"","overlay-gradient":""}},"footnotes":""},"class_list":["post-1424","page","type-page","status-publish","hentry"],"yoast_head":"<!-- This site is optimized with the Yoast SEO plugin v27.2 - https:\/\/yoast.com\/product\/yoast-seo-wordpress\/ -->\n<title>Puun viholliset | Hansacom<\/title>\n<meta name=\"robots\" content=\"index, follow, max-snippet:-1, max-image-preview:large, max-video-preview:-1\" \/>\n<link rel=\"canonical\" href=\"https:\/\/hansacom.ee\/fi\/puun-viholliset\/\" \/>\n<meta property=\"og:locale\" content=\"fi_FI\" \/>\n<meta property=\"og:type\" content=\"article\" \/>\n<meta property=\"og:title\" content=\"Puun viholliset | Hansacom\" \/>\n<meta property=\"og:description\" content=\"Puun viholliset Puuta uhkaavat monenlaiset tuholaiset. Sienet \u00d6t\u00f6k\u00e4t Termiitit Merelle Hallitus\" \/>\n<meta property=\"og:url\" content=\"https:\/\/hansacom.ee\/fi\/puun-viholliset\/\" \/>\n<meta property=\"og:site_name\" content=\"Hansacom\" \/>\n<meta property=\"article:modified_time\" content=\"2025-04-10T09:01:11+00:00\" \/>\n<meta name=\"twitter:card\" content=\"summary_large_image\" \/>\n<meta name=\"twitter:label1\" content=\"Arvioitu lukuaika\" \/>\n\t<meta name=\"twitter:data1\" content=\"1 minuutti\" \/>\n<script type=\"application\/ld+json\" class=\"yoast-schema-graph\">{\"@context\":\"https:\/\/schema.org\",\"@graph\":[{\"@type\":\"WebPage\",\"@id\":\"https:\/\/hansacom.ee\/fi\/puun-viholliset\/\",\"url\":\"https:\/\/hansacom.ee\/fi\/puun-viholliset\/\",\"name\":\"Puun viholliset | Hansacom\",\"isPartOf\":{\"@id\":\"https:\/\/hansacom.ee\/fi\/#website\"},\"datePublished\":\"2022-05-12T10:35:00+00:00\",\"dateModified\":\"2025-04-10T09:01:11+00:00\",\"breadcrumb\":{\"@id\":\"https:\/\/hansacom.ee\/fi\/puun-viholliset\/#breadcrumb\"},\"inLanguage\":\"fi\",\"potentialAction\":[{\"@type\":\"ReadAction\",\"target\":[\"https:\/\/hansacom.ee\/fi\/puun-viholliset\/\"]}]},{\"@type\":\"BreadcrumbList\",\"@id\":\"https:\/\/hansacom.ee\/fi\/puun-viholliset\/#breadcrumb\",\"itemListElement\":[{\"@type\":\"ListItem\",\"position\":1,\"name\":\"Home\",\"item\":\"https:\/\/hansacom.ee\/fi\/\"},{\"@type\":\"ListItem\",\"position\":2,\"name\":\"Puun viholliset\"}]},{\"@type\":\"WebSite\",\"@id\":\"https:\/\/hansacom.ee\/fi\/#website\",\"url\":\"https:\/\/hansacom.ee\/fi\/\",\"name\":\"Hansacom\",\"description\":\"...ja puit talub niiskust\",\"publisher\":{\"@id\":\"https:\/\/hansacom.ee\/fi\/#organization\"},\"potentialAction\":[{\"@type\":\"SearchAction\",\"target\":{\"@type\":\"EntryPoint\",\"urlTemplate\":\"https:\/\/hansacom.ee\/fi\/?s={search_term_string}\"},\"query-input\":{\"@type\":\"PropertyValueSpecification\",\"valueRequired\":true,\"valueName\":\"search_term_string\"}}],\"inLanguage\":\"fi\"},{\"@type\":\"Organization\",\"@id\":\"https:\/\/hansacom.ee\/fi\/#organization\",\"name\":\"Hansacom O\u00dc\",\"url\":\"https:\/\/hansacom.ee\/fi\/\",\"logo\":{\"@type\":\"ImageObject\",\"inLanguage\":\"fi\",\"@id\":\"https:\/\/hansacom.ee\/fi\/#\/schema\/logo\/image\/\",\"url\":\"https:\/\/hansacom.ee\/wp-content\/uploads\/2022\/02\/hansacom.svg\",\"contentUrl\":\"https:\/\/hansacom.ee\/wp-content\/uploads\/2022\/02\/hansacom.svg\",\"width\":671,\"height\":218,\"caption\":\"Hansacom O\u00dc\"},\"image\":{\"@id\":\"https:\/\/hansacom.ee\/fi\/#\/schema\/logo\/image\/\"}}]}<\/script>\n<!-- \/ Yoast SEO plugin. -->","yoast_head_json":{"title":"Puun viholliset | Hansacom","robots":{"index":"index","follow":"follow","max-snippet":"max-snippet:-1","max-image-preview":"max-image-preview:large","max-video-preview":"max-video-preview:-1"},"canonical":"https:\/\/hansacom.ee\/fi\/puun-viholliset\/","og_locale":"fi_FI","og_type":"article","og_title":"Puun viholliset | Hansacom","og_description":"Puun viholliset Puuta uhkaavat monenlaiset tuholaiset. Sienet \u00d6t\u00f6k\u00e4t Termiitit Merelle Hallitus","og_url":"https:\/\/hansacom.ee\/fi\/puun-viholliset\/","og_site_name":"Hansacom","article_modified_time":"2025-04-10T09:01:11+00:00","twitter_card":"summary_large_image","twitter_misc":{"Arvioitu lukuaika":"1 minuutti"},"schema":{"@context":"https:\/\/schema.org","@graph":[{"@type":"WebPage","@id":"https:\/\/hansacom.ee\/fi\/puun-viholliset\/","url":"https:\/\/hansacom.ee\/fi\/puun-viholliset\/","name":"Puun viholliset | Hansacom","isPartOf":{"@id":"https:\/\/hansacom.ee\/fi\/#website"},"datePublished":"2022-05-12T10:35:00+00:00","dateModified":"2025-04-10T09:01:11+00:00","breadcrumb":{"@id":"https:\/\/hansacom.ee\/fi\/puun-viholliset\/#breadcrumb"},"inLanguage":"fi","potentialAction":[{"@type":"ReadAction","target":["https:\/\/hansacom.ee\/fi\/puun-viholliset\/"]}]},{"@type":"BreadcrumbList","@id":"https:\/\/hansacom.ee\/fi\/puun-viholliset\/#breadcrumb","itemListElement":[{"@type":"ListItem","position":1,"name":"Home","item":"https:\/\/hansacom.ee\/fi\/"},{"@type":"ListItem","position":2,"name":"Puun viholliset"}]},{"@type":"WebSite","@id":"https:\/\/hansacom.ee\/fi\/#website","url":"https:\/\/hansacom.ee\/fi\/","name":"Hansacom","description":"...ja puit talub niiskust","publisher":{"@id":"https:\/\/hansacom.ee\/fi\/#organization"},"potentialAction":[{"@type":"SearchAction","target":{"@type":"EntryPoint","urlTemplate":"https:\/\/hansacom.ee\/fi\/?s={search_term_string}"},"query-input":{"@type":"PropertyValueSpecification","valueRequired":true,"valueName":"search_term_string"}}],"inLanguage":"fi"},{"@type":"Organization","@id":"https:\/\/hansacom.ee\/fi\/#organization","name":"Hansacom O\u00dc","url":"https:\/\/hansacom.ee\/fi\/","logo":{"@type":"ImageObject","inLanguage":"fi","@id":"https:\/\/hansacom.ee\/fi\/#\/schema\/logo\/image\/","url":"https:\/\/hansacom.ee\/wp-content\/uploads\/2022\/02\/hansacom.svg","contentUrl":"https:\/\/hansacom.ee\/wp-content\/uploads\/2022\/02\/hansacom.svg","width":671,"height":218,"caption":"Hansacom O\u00dc"},"image":{"@id":"https:\/\/hansacom.ee\/fi\/#\/schema\/logo\/image\/"}}]}},"_links":{"self":[{"href":"https:\/\/hansacom.ee\/fi\/wp-json\/wp\/v2\/pages\/1424","targetHints":{"allow":["GET"]}}],"collection":[{"href":"https:\/\/hansacom.ee\/fi\/wp-json\/wp\/v2\/pages"}],"about":[{"href":"https:\/\/hansacom.ee\/fi\/wp-json\/wp\/v2\/types\/page"}],"author":[{"embeddable":true,"href":"https:\/\/hansacom.ee\/fi\/wp-json\/wp\/v2\/users\/1"}],"replies":[{"embeddable":true,"href":"https:\/\/hansacom.ee\/fi\/wp-json\/wp\/v2\/comments?post=1424"}],"version-history":[{"count":7,"href":"https:\/\/hansacom.ee\/fi\/wp-json\/wp\/v2\/pages\/1424\/revisions"}],"predecessor-version":[{"id":2201,"href":"https:\/\/hansacom.ee\/fi\/wp-json\/wp\/v2\/pages\/1424\/revisions\/2201"}],"wp:attachment":[{"href":"https:\/\/hansacom.ee\/fi\/wp-json\/wp\/v2\/media?parent=1424"}],"curies":[{"name":"wp","href":"https:\/\/api.w.org\/{rel}","templated":true}]}}