{"id":1420,"date":"2022-05-12T08:44:09","date_gmt":"2022-05-12T08:44:09","guid":{"rendered":"https:\/\/hansacom.ee\/hyodyllinen-tietaa\/"},"modified":"2022-05-16T08:36:40","modified_gmt":"2022-05-16T08:36:40","slug":"hyodyllinen-tietaa","status":"publish","type":"page","link":"https:\/\/hansacom.ee\/fi\/hyodyllinen-tietaa\/","title":{"rendered":"Hy\u00f6dyllinen tiet\u00e4\u00e4"},"content":{"rendered":"\t\t<div data-elementor-type=\"wp-page\" data-elementor-id=\"1420\" class=\"elementor elementor-1420 elementor-46\" data-elementor-post-type=\"page\">\n\t\t\t\t\t\t<section class=\"elementor-section elementor-top-section elementor-element elementor-element-94271e1 elementor-section-boxed elementor-section-height-default elementor-section-height-default\" data-id=\"94271e1\" data-element_type=\"section\" data-e-type=\"section\" data-settings=\"{&quot;background_background&quot;:&quot;gradient&quot;}\">\n\t\t\t\t\t\t<div class=\"elementor-container elementor-column-gap-default\">\n\t\t\t\t\t<div class=\"elementor-column elementor-col-100 elementor-top-column elementor-element elementor-element-da0a42a\" data-id=\"da0a42a\" data-element_type=\"column\" data-e-type=\"column\">\n\t\t\t<div class=\"elementor-widget-wrap elementor-element-populated\">\n\t\t\t\t\t\t<div class=\"elementor-element elementor-element-6d26344 elementor-widget elementor-widget-spacer\" data-id=\"6d26344\" data-element_type=\"widget\" data-e-type=\"widget\" data-widget_type=\"spacer.default\">\n\t\t\t\t<div class=\"elementor-widget-container\">\n\t\t\t\t\t\t\t<div class=\"elementor-spacer\">\n\t\t\t<div class=\"elementor-spacer-inner\"><\/div>\n\t\t<\/div>\n\t\t\t\t\t\t<\/div>\n\t\t\t\t<\/div>\n\t\t\t\t<div class=\"elementor-element elementor-element-e91538b elementor-invisible elementor-widget elementor-widget-heading\" data-id=\"e91538b\" data-element_type=\"widget\" data-e-type=\"widget\" data-settings=\"{&quot;_animation&quot;:&quot;fadeInLeft&quot;}\" data-widget_type=\"heading.default\">\n\t\t\t\t<div class=\"elementor-widget-container\">\n\t\t\t\t\t<h2 class=\"elementor-heading-title elementor-size-default\">Hy\u00f6dyllinen tiet\u00e4\u00e4<\/h2>\t\t\t\t<\/div>\n\t\t\t\t<\/div>\n\t\t\t\t<div class=\"elementor-element elementor-element-531805a elementor-widget elementor-widget-spacer\" data-id=\"531805a\" data-element_type=\"widget\" data-e-type=\"widget\" data-widget_type=\"spacer.default\">\n\t\t\t\t<div class=\"elementor-widget-container\">\n\t\t\t\t\t\t\t<div class=\"elementor-spacer\">\n\t\t\t<div class=\"elementor-spacer-inner\"><\/div>\n\t\t<\/div>\n\t\t\t\t\t\t<\/div>\n\t\t\t\t<\/div>\n\t\t\t\t\t<\/div>\n\t\t<\/div>\n\t\t\t\t\t<\/div>\n\t\t<\/section>\n\t\t\t\t<section class=\"elementor-section elementor-top-section elementor-element elementor-element-fbc6cc2 elementor-section-boxed elementor-section-height-default elementor-section-height-default\" data-id=\"fbc6cc2\" data-element_type=\"section\" data-e-type=\"section\">\n\t\t\t\t\t\t<div class=\"elementor-container elementor-column-gap-default\">\n\t\t\t\t\t<div class=\"elementor-column elementor-col-100 elementor-top-column elementor-element elementor-element-0cd73a9\" data-id=\"0cd73a9\" data-element_type=\"column\" data-e-type=\"column\">\n\t\t\t<div class=\"elementor-widget-wrap elementor-element-populated\">\n\t\t\t\t\t\t<div class=\"elementor-element elementor-element-1df222d elementor-widget elementor-widget-spacer\" data-id=\"1df222d\" data-element_type=\"widget\" data-e-type=\"widget\" data-widget_type=\"spacer.default\">\n\t\t\t\t<div class=\"elementor-widget-container\">\n\t\t\t\t\t\t\t<div class=\"elementor-spacer\">\n\t\t\t<div class=\"elementor-spacer-inner\"><\/div>\n\t\t<\/div>\n\t\t\t\t\t\t<\/div>\n\t\t\t\t<\/div>\n\t\t\t\t<div class=\"elementor-element elementor-element-2fbe919 elementor-widget elementor-widget-text-editor\" data-id=\"2fbe919\" data-element_type=\"widget\" data-e-type=\"widget\" data-widget_type=\"text-editor.default\">\n\t\t\t\t<div class=\"elementor-widget-container\">\n\t\t\t\t\t\t\t\t\t<p><span style=\"color: #3e7c17;\"><strong>PUUN VALMISTELU K\u00c4SITTELY\u00c4 VARTEN<\/strong><\/span><\/p><ol><li>Puussa ei saa olla likaa, pinnoitteita, j\u00e4\u00e4t\u00e4 ja lunta.<\/li><li>Sek\u00e4 vartalo ett\u00e4 vartalo on poistettava.<\/li><li>Puusta tulee poistaa kaikki puun tuholaisten tai sienten aiheuttamat vauriot.<\/li><li>Puu tulee kuivata, kunnes sen kosteuspitoisuus on alle 28 % tai yht\u00e4 suuri kuin ilmoitettu arvo.<\/li><li>Jos mahdollista, suorita kaikki leikkaus-, koneistus-, h\u00f6yl\u00e4ys-, lovi- ja porausty\u00f6t ennen kyll\u00e4styst\u00e4 (katso kohta kyll\u00e4styksen j\u00e4lkeinen koneistus).<\/li><li>\u00c4l\u00e4 asenna metallitarvikkeita ennen kyll\u00e4styst\u00e4.<\/li><\/ol><p><span style=\"color: #3e7c17;\"><strong>KYLL\u00c4STETTYN PUUN TOIMITUS PUUNKYLLYSTEHOSTA:<\/strong><\/span><\/p><ol><li>Celcure-puunsuoja-aineella kyll\u00e4stetty puu ja vaneri tulee varastoida kyll\u00e4stetyss\u00e4 kuivaustilassa, joka on merkitty vastaavasti ja suojattu sateelta ja suoralta auringonvalolta, kunnes ne ovat kuivuneet ja ennen jakelua ja k\u00e4ytt\u00f6\u00e4. Tarvittava aika riippuu s\u00e4\u00e4olosuhteista, puulajista, puun koosta, pakkausten koosta ja siit\u00e4, onko materiaali sahattu, h\u00f6yl\u00e4tty, hiottu vai ei. T\u00e4m\u00e4 kest\u00e4\u00e4 kuitenkin yleens\u00e4 48 tuntia. Kuluttajan ja toimittajan on oltava l\u00e4heisess\u00e4 yhteydess\u00e4 selvitt\u00e4\u00e4kseen, onko puu valmis poistettavaksi.<\/li><li>Muissa maissa paikalliset m\u00e4\u00e4r\u00e4ykset saattavat olla voimassa.<\/li><\/ol><p><span style=\"color: #3e7c17;\"><strong>KUIVUUS IMPREGNATION J\u00c4LKEEN<\/strong><\/span><\/p><ol><li>Puun kyll\u00e4stysnesteell\u00e4 kyll\u00e4styksen ja kyll\u00e4stetyn puun levitt\u00e4misen v\u00e4linen aika on yleens\u00e4 riitt\u00e4v\u00e4 kuivumiseen.<\/li><li>Tarkkuusty\u00f6ss\u00e4 puu kannattaa koneistaa k\u00e4ytt\u00f6olosuhteisiin sopivalla tasapainokosteuspitoisuudella, ja urakoitsija vastaa tarvittaessa kuivauksesta.<\/li><li>Ilmakuivauksessa varmistetaan ilman vapaa p\u00e4\u00e4sy puuhun joka puolelta. Kuivuminen on nopeampaa ja t\u00e4ydellisemp\u00e4\u00e4 alhaisemmalla kosteudella. Siksi puu on pinottava harvakseltaan v\u00e4lilipuilla ilmakuivausta varten ja k\u00e4ytett\u00e4v\u00e4 sadetta ja lunta vastaan.<\/li><\/ol><p><span style=\"color: #3e7c17;\"><strong>KONEET KYLL\u00c4TYKSEN J\u00c4LKEEN<\/strong><\/span><\/p><ol><li>Jos materiaalia on viel\u00e4 seurattava, porattava tms., paljastuvat puupinnat tulee harjata Koppers EndCoatilla (vihre\u00e4 tai ruskea) pakkauksen ohjeiden mukaisesti.<\/li><li>Kuitua pitkin k\u00e4sitellyt, paksunnetut, tasoitetut tai h\u00f6yl\u00e4tyt osat tulee palauttaa kyll\u00e4styslaitokseen uudelleenkyll\u00e4stett\u00e4viksi.<\/li><li>Puutarhapylv\u00e4it\u00e4 ei saa miss\u00e4\u00e4n tapauksessa teroittaa kyll\u00e4styksen j\u00e4lkeen. Pylv\u00e4iden ja pylv\u00e4iden lyhent\u00e4mist\u00e4 tulee mahdollisuuksien mukaan v\u00e4ltt\u00e4\u00e4, mutta joka tapauksessa toisto tulee rajoittaa tolpan tai pilarin yl\u00e4osaan ja seurattavat pinnat tulee harjata Kopper EndCoatilla (vihre\u00e4 tai ruskea) pakkauksen ohjeiden mukaan. .<\/li><\/ol><p><span style=\"color: #3e7c17;\"><strong>LIIMA PUU KYLL\u00c4STYNYT<\/strong><\/span><\/p><ol><li>Celcurella kyll\u00e4stetty puu voidaan liimata pintojen sedimentist\u00e4 ja liasta ter\u00e4sharjalla puhdistuksen tai korkeahionnan j\u00e4lkeen.<\/li><li>Kuiviin sis\u00e4tiloihin suositellaan k\u00e4ytett\u00e4v\u00e4ksi resorsinoli-formaldehydi-, fenoli-formaldehydi-, kaseiini-, PVA- tai urea-formaldehydi-tyyppisi\u00e4 liimoja.<\/li><li>Resorsinoli-formaldehydi- tai fenoli-formaldehydi-liimaa voidaan k\u00e4ytt\u00e4\u00e4 kentt\u00e4t\u00f6iss\u00e4 tai kosteissa olosuhteissa.<\/li><li>Liiman valmistajan antamia ohjeita kosteuspitoisuudesta ja puun esik\u00e4sittelyst\u00e4 tulee noudattaa. Tietyn tuotteen k\u00e4yt\u00f6st\u00e4 kannattaa aina neuvotella liiman valmistajalta.<\/li><\/ol><p><span style=\"color: #3e7c17;\"><strong>AIEMMIN LIIMAAVAT KOKOONPANOJEN KYLL\u00c4YS CELCURELLA<\/strong><\/span><\/p><ol><li>Celcure-kyll\u00e4stetyt kokoonpanot voidaan liimata ensin sopivalla vedenpit\u00e4v\u00e4ll\u00e4 liimalla, kuten resorsinoli-formaldehydi- tai fenoli-formaldehydilinjalla. PVA:n, kaseiiniliiman tai urea-formaldehydiliiman k\u00e4ytt\u00f6\u00e4 ei suositella.<\/li><li>Ennen sarjan l\u00e4hett\u00e4mist\u00e4 kyll\u00e4stett\u00e4v\u00e4ksi, kaikki linjaliit\u00e4nn\u00e4t on kovetettava t\u00e4ysin liiman valmistajan ohjeiden mukaisesti (yleens\u00e4 useita p\u00e4ivi\u00e4).<\/li><li>Suljetuissa onteloissa on porattava p\u00e4\u00e4syaukot, jotta puunsuoja-aine p\u00e4\u00e4see sis\u00e4\u00e4n ja valuu pois.<\/li><li>Vaneri voidaan kyll\u00e4st\u00e4\u00e4 kosteutta kest\u00e4v\u00e4n liimavanerin tapauksessa.<\/li><\/ol><p><span style=\"color: #3e7c17;\"><strong>PINNAT<\/strong><\/span><\/p><ol><li>Celcurella kyll\u00e4stetty\u00e4 puuta ei tarvitse maalata tai petsata suojaominaisuuksiensa s\u00e4ilytt\u00e4miseksi.<\/li><li>Kun Celcurella kyll\u00e4stetty puu on kuivattu uudelleen kosteuspitoisuuden alentamiseksi 22 %:iin, voidaan k\u00e4ytt\u00e4\u00e4 tavanomaisia \u200b\u200bpinnoitteita.<\/li><li>Mik\u00e4li kyll\u00e4stetty\u00e4 puuta halutaan petsata, maalata tai lakata, tulee puun olla kuiva ja sen pinta esik\u00e4sitelty valmistajan ohjeiden mukaisesti.<\/li><li>Kyll\u00e4st\u00e4minen ei korvaa puun esik\u00e4sittely\u00e4, pohjamaalausta tai pohjamaalausta.<\/li><li>Jos k\u00e4ytet\u00e4\u00e4n vesiohenteisia pinnoitteita, v\u00e4rimuutoksia voi tapahtua poikkeuksellisissa olosuhteissa. Anna pinnoitemateriaalin t\u00e4ss\u00e4 tapauksessa kuivua kokonaan. Levit\u00e4 sitten toinen kerros pinnoitemateriaalia, joka voisi mieluiten olla paksua ja kuiva-ainepitoista.<\/li><\/ol><p><span style=\"color: #3e7c17;\"><strong>METALLISET KIINNITTIMET JA LIS\u00c4VARUSTEET<\/strong><\/span><\/p><p>Celcur-kyll\u00e4stetyn puun k\u00e4ytt\u00f6i\u00e4n odotetaan olevan riitt\u00e4v\u00e4, joten metallikiinnikkeit\u00e4 ja fytodeja kannattaa k\u00e4ytt\u00e4\u00e4 samanik\u00e4isin\u00e4. Normaaleissa olosuhteissa voidaan k\u00e4ytt\u00e4\u00e4 galvanoitua materiaalia. On huomattava, ett\u00e4 ilmansaasteilla voi olla suurempi haitallinen vaikutus metalleihin kuin kyll\u00e4stettyyn puuhun. Seuraavia suosituksia noudattamalla on mahdollista minimoida metallikiinnikkeiden ja fytoravinteiden korroosio joutuessaan kosketuksiin Celcurella kyll\u00e4stetyn puun kanssa.<\/p><ol><li>Kiinnittimi\u00e4 ei tarvitse kiinnitt\u00e4\u00e4 puuhun kyll\u00e4styksen aikana.<\/li><li>\u00c4l\u00e4 kiinnit\u00e4 lis\u00e4varusteita puuhun ennen kuin 14 p\u00e4iv\u00e4\u00e4 kyll\u00e4styksen j\u00e4lkeen tai ennen kuin puun kosteus on laskenut alle 20 %.<\/li><li>Ristikkopuun on edell\u00e4 mainittujen lis\u00e4ksi annettava kuivua kosteuspitoisuuteen 22 % tai alle impregnoinnin j\u00e4lkeen ja ennen kokoamista; puu on s\u00e4ilytett\u00e4v\u00e4 sellaisissa olosuhteissa koko varastoinnin ajan toimitukseen saakka standardin BS5268 osan 3 kappaleen 13 suositusten mukaisesti.<\/li><li>Jos puulla odotetaan olevan pitk\u00e4 k\u00e4ytt\u00f6ik\u00e4 ja on todenn\u00e4k\u00f6ist\u00e4, ett\u00e4 kyll\u00e4stetty puu kastuu, k\u00e4yt\u00e4 lis\u00e4varusteita, jotka on valmistettu ruostumattomasta austeniittisesta ter\u00e4ksest\u00e4 (paitsi hyv\u00e4ll\u00e4 leikattavuuslaaduilla), kuparista tai piipronssista.<\/li><li>Jos altistuminen kosteudelle on odotettavissa vain satunnaisesti, voidaan k\u00e4ytt\u00e4\u00e4 galvanoituja, kiinte\u00e4sti galvanoituja tai kadmiumpinnoitettuja lis\u00e4varusteita. Paksuilla p\u00e4\u00e4llystetyill\u00e4 lis\u00e4tarvikkeilla on yleens\u00e4 pidempi k\u00e4ytt\u00f6ik\u00e4.<\/li><li>Paksuilla p\u00e4\u00e4llystetyill\u00e4 lis\u00e4tarvikkeilla on yleens\u00e4 pidempi k\u00e4ytt\u00f6ik\u00e4.<\/li><li>Kuparia sis\u00e4lt\u00e4vien alumiiniseosten k\u00e4ytt\u00f6\u00e4 ei suositella.<\/li><li>Jos k\u00e4ytet\u00e4\u00e4n alumiinilevymateriaalia, se on erotettava puusta bitumilevyll\u00e4 tai vedenpit\u00e4v\u00e4ll\u00e4 pinnoitteella.<\/li><li>K\u00e4yt\u00e4 6063 (ent. HG9) alumiininauloja, kun kiinnit\u00e4t Celcure-kyll\u00e4stettyj\u00e4 puus\u00e4leit\u00e4.<\/li><\/ol><p><span style=\"color: #3e7c17;\"><strong>TYYPILLISI\u00c4 K\u00c4YTT\u00d6\u00c4<\/strong><\/span><\/p><p>T\u00e4m\u00e4 luettelo, joka ei ehk\u00e4 ole tyhjent\u00e4v\u00e4, sis\u00e4lt\u00e4\u00e4 useita esimerkkej\u00e4 Celcure-puunsuoja-aineella kyll\u00e4stettujen puutuotteiden k\u00e4ytt\u00f6tavoista.<\/p><p>Jos sinulla on pienint\u00e4k\u00e4\u00e4n ep\u00e4ilyst\u00e4 tietyst\u00e4 sovelluksesta, on suositeltavaa ottaa yhteytt\u00e4 Hansacomiin tai Koppersiin.<\/p><p><em>RAKENTAMINEN<\/em><\/p><p>Perustukset, kellarit ja aluslattiat, kynnykset, betonirunkorakenteet, puomit, palkit, kattopuut, puuosat ulkok\u00e4ytt\u00f6\u00f6n, puupalkit, ulkoseinien verhoukset, paanut, puu kotik\u00e4ytt\u00f6\u00f6n, rakennukset kaupalliseen ja julkiseen k\u00e4ytt\u00f6\u00f6n.<\/p><p><em>PUUTARHA JA MAISEMA<\/em><\/p><p>Upeat j\u00e4rjestelm\u00e4t, huvimajat, huvimajat, leikkikentt\u00e4laitteet, kiipeilytelineet, nurmikot, kaiteet, piknikpenkit ja -p\u00f6yd\u00e4t, kyltit ja roskakorit.<\/p><p><em>MAATALOUS JA PUUTARHAHOITO<\/em><\/p><p>Hedelm\u00e4tuet, humalatangot, ryp\u00e4letuet.<\/p><p><em>SUOJAT, AIDAT, JNE.<\/em><\/p><p>Luonnonpy\u00f6re\u00e4 puu, konesorvatut ja ter\u00e4stetut aitatolpat, kaiteet, ripustusosat, portit ja porttitolpat, kaiteet jne. rautateille ja teille, maatiloille, puutarhoille, turvakaiteet.<\/p><p><em>KULJETUS<\/em><\/p><p>Laivanrakennuspuu, lattia ja muu puutavara rautatie- ja maantieajoneuvoihin, konttien pohjat ja vuoraukset, pakkauslaatikot, kaapelirummut ja luukkujen kannet (Australian karanteenis\u00e4\u00e4nn\u00f6kset)<\/p>\t\t\t\t\t\t\t\t<\/div>\n\t\t\t\t<\/div>\n\t\t\t\t\t<\/div>\n\t\t<\/div>\n\t\t\t\t\t<\/div>\n\t\t<\/section>\n\t\t\t\t<\/div>\n\t\t","protected":false},"excerpt":{"rendered":"<p>Hy\u00f6dyllinen tiet\u00e4\u00e4 PUUN VALMISTELU K\u00c4SITTELY\u00c4 VARTEN Puussa ei saa olla likaa, pinnoitteita, j\u00e4\u00e4t\u00e4 ja lunta. Sek\u00e4 vartalo ett\u00e4 vartalo on poistettava. Puusta tulee poistaa kaikki puun tuholaisten tai sienten aiheuttamat vauriot. Puu tulee kuivata, kunnes sen kosteuspitoisuus on alle 28 % tai yht\u00e4 suuri kuin ilmoitettu arvo. Jos mahdollista, suorita kaikki leikkaus-, koneistus-, h\u00f6yl\u00e4ys-, lovi- [&hellip;]<\/p>\n","protected":false},"author":1,"featured_media":0,"parent":0,"menu_order":0,"comment_status":"closed","ping_status":"closed","template":"elementor_header_footer","meta":{"inline_featured_image":false,"site-sidebar-layout":"no-sidebar","site-content-layout":"page-builder","ast-site-content-layout":"default","site-content-style":"default","site-sidebar-style":"default","ast-global-header-display":"","ast-banner-title-visibility":"","ast-main-header-display":"","ast-hfb-above-header-display":"","ast-hfb-below-header-display":"","ast-hfb-mobile-header-display":"","site-post-title":"disabled","ast-breadcrumbs-content":"","ast-featured-img":"disabled","footer-sml-layout":"","ast-disable-related-posts":"","theme-transparent-header-meta":"","adv-header-id-meta":"","stick-header-meta":"","header-above-stick-meta":"","header-main-stick-meta":"","header-below-stick-meta":"","astra-migrate-meta-layouts":"default","ast-page-background-enabled":"default","ast-page-background-meta":{"desktop":{"background-color":"var(--ast-global-color-4)","background-image":"","background-repeat":"repeat","background-position":"center center","background-size":"auto","background-attachment":"scroll","background-type":"","background-media":"","overlay-type":"","overlay-color":"","overlay-opacity":"","overlay-gradient":""},"tablet":{"background-color":"","background-image":"","background-repeat":"repeat","background-position":"center center","background-size":"auto","background-attachment":"scroll","background-type":"","background-media":"","overlay-type":"","overlay-color":"","overlay-opacity":"","overlay-gradient":""},"mobile":{"background-color":"","background-image":"","background-repeat":"repeat","background-position":"center center","background-size":"auto","background-attachment":"scroll","background-type":"","background-media":"","overlay-type":"","overlay-color":"","overlay-opacity":"","overlay-gradient":""}},"ast-content-background-meta":{"desktop":{"background-color":"var(--ast-global-color-5)","background-image":"","background-repeat":"repeat","background-position":"center center","background-size":"auto","background-attachment":"scroll","background-type":"","background-media":"","overlay-type":"","overlay-color":"","overlay-opacity":"","overlay-gradient":""},"tablet":{"background-color":"var(--ast-global-color-5)","background-image":"","background-repeat":"repeat","background-position":"center center","background-size":"auto","background-attachment":"scroll","background-type":"","background-media":"","overlay-type":"","overlay-color":"","overlay-opacity":"","overlay-gradient":""},"mobile":{"background-color":"var(--ast-global-color-5)","background-image":"","background-repeat":"repeat","background-position":"center center","background-size":"auto","background-attachment":"scroll","background-type":"","background-media":"","overlay-type":"","overlay-color":"","overlay-opacity":"","overlay-gradient":""}},"footnotes":""},"class_list":["post-1420","page","type-page","status-publish","hentry"],"yoast_head":"<!-- This site is optimized with the Yoast SEO plugin v27.2 - https:\/\/yoast.com\/product\/yoast-seo-wordpress\/ -->\n<title>Hy\u00f6dyllinen tiet\u00e4\u00e4 | Hansacom<\/title>\n<meta name=\"robots\" content=\"index, follow, max-snippet:-1, max-image-preview:large, max-video-preview:-1\" \/>\n<link rel=\"canonical\" href=\"https:\/\/hansacom.ee\/fi\/hyodyllinen-tietaa\/\" \/>\n<meta property=\"og:locale\" content=\"fi_FI\" \/>\n<meta property=\"og:type\" content=\"article\" \/>\n<meta property=\"og:title\" content=\"Hy\u00f6dyllinen tiet\u00e4\u00e4 | Hansacom\" \/>\n<meta property=\"og:description\" content=\"Hy\u00f6dyllinen tiet\u00e4\u00e4 PUUN VALMISTELU K\u00c4SITTELY\u00c4 VARTEN Puussa ei saa olla likaa, pinnoitteita, j\u00e4\u00e4t\u00e4 ja lunta. Sek\u00e4 vartalo ett\u00e4 vartalo on poistettava. Puusta tulee poistaa kaikki puun tuholaisten tai sienten aiheuttamat vauriot. Puu tulee kuivata, kunnes sen kosteuspitoisuus on alle 28 % tai yht\u00e4 suuri kuin ilmoitettu arvo. Jos mahdollista, suorita kaikki leikkaus-, koneistus-, h\u00f6yl\u00e4ys-, lovi- [&hellip;]\" \/>\n<meta property=\"og:url\" content=\"https:\/\/hansacom.ee\/fi\/hyodyllinen-tietaa\/\" \/>\n<meta property=\"og:site_name\" content=\"Hansacom\" \/>\n<meta property=\"article:modified_time\" content=\"2022-05-16T08:36:40+00:00\" \/>\n<meta name=\"twitter:card\" content=\"summary_large_image\" \/>\n<meta name=\"twitter:label1\" content=\"Arvioitu lukuaika\" \/>\n\t<meta name=\"twitter:data1\" content=\"5 minuuttia\" \/>\n<script type=\"application\/ld+json\" class=\"yoast-schema-graph\">{\"@context\":\"https:\/\/schema.org\",\"@graph\":[{\"@type\":\"WebPage\",\"@id\":\"https:\/\/hansacom.ee\/fi\/hyodyllinen-tietaa\/\",\"url\":\"https:\/\/hansacom.ee\/fi\/hyodyllinen-tietaa\/\",\"name\":\"Hy\u00f6dyllinen tiet\u00e4\u00e4 | Hansacom\",\"isPartOf\":{\"@id\":\"https:\/\/hansacom.ee\/fi\/#website\"},\"datePublished\":\"2022-05-12T08:44:09+00:00\",\"dateModified\":\"2022-05-16T08:36:40+00:00\",\"breadcrumb\":{\"@id\":\"https:\/\/hansacom.ee\/fi\/hyodyllinen-tietaa\/#breadcrumb\"},\"inLanguage\":\"fi\",\"potentialAction\":[{\"@type\":\"ReadAction\",\"target\":[\"https:\/\/hansacom.ee\/fi\/hyodyllinen-tietaa\/\"]}]},{\"@type\":\"BreadcrumbList\",\"@id\":\"https:\/\/hansacom.ee\/fi\/hyodyllinen-tietaa\/#breadcrumb\",\"itemListElement\":[{\"@type\":\"ListItem\",\"position\":1,\"name\":\"Home\",\"item\":\"https:\/\/hansacom.ee\/fi\/\"},{\"@type\":\"ListItem\",\"position\":2,\"name\":\"Hy\u00f6dyllinen tiet\u00e4\u00e4\"}]},{\"@type\":\"WebSite\",\"@id\":\"https:\/\/hansacom.ee\/fi\/#website\",\"url\":\"https:\/\/hansacom.ee\/fi\/\",\"name\":\"Hansacom\",\"description\":\"...ja puit talub niiskust\",\"publisher\":{\"@id\":\"https:\/\/hansacom.ee\/fi\/#organization\"},\"potentialAction\":[{\"@type\":\"SearchAction\",\"target\":{\"@type\":\"EntryPoint\",\"urlTemplate\":\"https:\/\/hansacom.ee\/fi\/?s={search_term_string}\"},\"query-input\":{\"@type\":\"PropertyValueSpecification\",\"valueRequired\":true,\"valueName\":\"search_term_string\"}}],\"inLanguage\":\"fi\"},{\"@type\":\"Organization\",\"@id\":\"https:\/\/hansacom.ee\/fi\/#organization\",\"name\":\"Hansacom O\u00dc\",\"url\":\"https:\/\/hansacom.ee\/fi\/\",\"logo\":{\"@type\":\"ImageObject\",\"inLanguage\":\"fi\",\"@id\":\"https:\/\/hansacom.ee\/fi\/#\/schema\/logo\/image\/\",\"url\":\"https:\/\/hansacom.ee\/wp-content\/uploads\/2022\/02\/hansacom.svg\",\"contentUrl\":\"https:\/\/hansacom.ee\/wp-content\/uploads\/2022\/02\/hansacom.svg\",\"width\":671,\"height\":218,\"caption\":\"Hansacom O\u00dc\"},\"image\":{\"@id\":\"https:\/\/hansacom.ee\/fi\/#\/schema\/logo\/image\/\"}}]}<\/script>\n<!-- \/ Yoast SEO plugin. -->","yoast_head_json":{"title":"Hy\u00f6dyllinen tiet\u00e4\u00e4 | Hansacom","robots":{"index":"index","follow":"follow","max-snippet":"max-snippet:-1","max-image-preview":"max-image-preview:large","max-video-preview":"max-video-preview:-1"},"canonical":"https:\/\/hansacom.ee\/fi\/hyodyllinen-tietaa\/","og_locale":"fi_FI","og_type":"article","og_title":"Hy\u00f6dyllinen tiet\u00e4\u00e4 | Hansacom","og_description":"Hy\u00f6dyllinen tiet\u00e4\u00e4 PUUN VALMISTELU K\u00c4SITTELY\u00c4 VARTEN Puussa ei saa olla likaa, pinnoitteita, j\u00e4\u00e4t\u00e4 ja lunta. Sek\u00e4 vartalo ett\u00e4 vartalo on poistettava. Puusta tulee poistaa kaikki puun tuholaisten tai sienten aiheuttamat vauriot. Puu tulee kuivata, kunnes sen kosteuspitoisuus on alle 28 % tai yht\u00e4 suuri kuin ilmoitettu arvo. Jos mahdollista, suorita kaikki leikkaus-, koneistus-, h\u00f6yl\u00e4ys-, lovi- [&hellip;]","og_url":"https:\/\/hansacom.ee\/fi\/hyodyllinen-tietaa\/","og_site_name":"Hansacom","article_modified_time":"2022-05-16T08:36:40+00:00","twitter_card":"summary_large_image","twitter_misc":{"Arvioitu lukuaika":"5 minuuttia"},"schema":{"@context":"https:\/\/schema.org","@graph":[{"@type":"WebPage","@id":"https:\/\/hansacom.ee\/fi\/hyodyllinen-tietaa\/","url":"https:\/\/hansacom.ee\/fi\/hyodyllinen-tietaa\/","name":"Hy\u00f6dyllinen tiet\u00e4\u00e4 | Hansacom","isPartOf":{"@id":"https:\/\/hansacom.ee\/fi\/#website"},"datePublished":"2022-05-12T08:44:09+00:00","dateModified":"2022-05-16T08:36:40+00:00","breadcrumb":{"@id":"https:\/\/hansacom.ee\/fi\/hyodyllinen-tietaa\/#breadcrumb"},"inLanguage":"fi","potentialAction":[{"@type":"ReadAction","target":["https:\/\/hansacom.ee\/fi\/hyodyllinen-tietaa\/"]}]},{"@type":"BreadcrumbList","@id":"https:\/\/hansacom.ee\/fi\/hyodyllinen-tietaa\/#breadcrumb","itemListElement":[{"@type":"ListItem","position":1,"name":"Home","item":"https:\/\/hansacom.ee\/fi\/"},{"@type":"ListItem","position":2,"name":"Hy\u00f6dyllinen tiet\u00e4\u00e4"}]},{"@type":"WebSite","@id":"https:\/\/hansacom.ee\/fi\/#website","url":"https:\/\/hansacom.ee\/fi\/","name":"Hansacom","description":"...ja puit talub niiskust","publisher":{"@id":"https:\/\/hansacom.ee\/fi\/#organization"},"potentialAction":[{"@type":"SearchAction","target":{"@type":"EntryPoint","urlTemplate":"https:\/\/hansacom.ee\/fi\/?s={search_term_string}"},"query-input":{"@type":"PropertyValueSpecification","valueRequired":true,"valueName":"search_term_string"}}],"inLanguage":"fi"},{"@type":"Organization","@id":"https:\/\/hansacom.ee\/fi\/#organization","name":"Hansacom O\u00dc","url":"https:\/\/hansacom.ee\/fi\/","logo":{"@type":"ImageObject","inLanguage":"fi","@id":"https:\/\/hansacom.ee\/fi\/#\/schema\/logo\/image\/","url":"https:\/\/hansacom.ee\/wp-content\/uploads\/2022\/02\/hansacom.svg","contentUrl":"https:\/\/hansacom.ee\/wp-content\/uploads\/2022\/02\/hansacom.svg","width":671,"height":218,"caption":"Hansacom O\u00dc"},"image":{"@id":"https:\/\/hansacom.ee\/fi\/#\/schema\/logo\/image\/"}}]}},"_links":{"self":[{"href":"https:\/\/hansacom.ee\/fi\/wp-json\/wp\/v2\/pages\/1420","targetHints":{"allow":["GET"]}}],"collection":[{"href":"https:\/\/hansacom.ee\/fi\/wp-json\/wp\/v2\/pages"}],"about":[{"href":"https:\/\/hansacom.ee\/fi\/wp-json\/wp\/v2\/types\/page"}],"author":[{"embeddable":true,"href":"https:\/\/hansacom.ee\/fi\/wp-json\/wp\/v2\/users\/1"}],"replies":[{"embeddable":true,"href":"https:\/\/hansacom.ee\/fi\/wp-json\/wp\/v2\/comments?post=1420"}],"version-history":[{"count":2,"href":"https:\/\/hansacom.ee\/fi\/wp-json\/wp\/v2\/pages\/1420\/revisions"}],"predecessor-version":[{"id":1718,"href":"https:\/\/hansacom.ee\/fi\/wp-json\/wp\/v2\/pages\/1420\/revisions\/1718"}],"wp:attachment":[{"href":"https:\/\/hansacom.ee\/fi\/wp-json\/wp\/v2\/media?parent=1420"}],"curies":[{"name":"wp","href":"https:\/\/api.w.org\/{rel}","templated":true}]}}