{"id":1418,"date":"2022-05-12T08:34:24","date_gmt":"2022-05-12T08:34:24","guid":{"rendered":"https:\/\/hansacom.ee\/ohjaavat-periaatteet\/"},"modified":"2022-05-16T08:38:08","modified_gmt":"2022-05-16T08:38:08","slug":"ohjaavat-periaatteet","status":"publish","type":"page","link":"https:\/\/hansacom.ee\/fi\/ohjaavat-periaatteet\/","title":{"rendered":"Ohjaavat periaatteet"},"content":{"rendered":"\t\t<div data-elementor-type=\"wp-page\" data-elementor-id=\"1418\" class=\"elementor elementor-1418 elementor-422\" data-elementor-post-type=\"page\">\n\t\t\t\t\t\t<section class=\"elementor-section elementor-top-section elementor-element elementor-element-cb07b7d elementor-section-boxed elementor-section-height-default elementor-section-height-default\" data-id=\"cb07b7d\" data-element_type=\"section\" data-e-type=\"section\" data-settings=\"{&quot;background_background&quot;:&quot;gradient&quot;}\">\n\t\t\t\t\t\t<div class=\"elementor-container elementor-column-gap-default\">\n\t\t\t\t\t<div class=\"elementor-column elementor-col-100 elementor-top-column elementor-element elementor-element-a11fb66\" data-id=\"a11fb66\" data-element_type=\"column\" data-e-type=\"column\">\n\t\t\t<div class=\"elementor-widget-wrap elementor-element-populated\">\n\t\t\t\t\t\t<div class=\"elementor-element elementor-element-50927c7 elementor-widget elementor-widget-spacer\" data-id=\"50927c7\" data-element_type=\"widget\" data-e-type=\"widget\" data-widget_type=\"spacer.default\">\n\t\t\t\t<div class=\"elementor-widget-container\">\n\t\t\t\t\t\t\t<div class=\"elementor-spacer\">\n\t\t\t<div class=\"elementor-spacer-inner\"><\/div>\n\t\t<\/div>\n\t\t\t\t\t\t<\/div>\n\t\t\t\t<\/div>\n\t\t\t\t<div class=\"elementor-element elementor-element-f1a7ba0 elementor-invisible elementor-widget elementor-widget-heading\" data-id=\"f1a7ba0\" data-element_type=\"widget\" data-e-type=\"widget\" data-settings=\"{&quot;_animation&quot;:&quot;fadeInLeft&quot;}\" data-widget_type=\"heading.default\">\n\t\t\t\t<div class=\"elementor-widget-container\">\n\t\t\t\t\t<h2 class=\"elementor-heading-title elementor-size-default\">Ohjaavat periaatteet<\/h2>\t\t\t\t<\/div>\n\t\t\t\t<\/div>\n\t\t\t\t<div class=\"elementor-element elementor-element-0727954 elementor-widget elementor-widget-spacer\" data-id=\"0727954\" data-element_type=\"widget\" data-e-type=\"widget\" data-widget_type=\"spacer.default\">\n\t\t\t\t<div class=\"elementor-widget-container\">\n\t\t\t\t\t\t\t<div class=\"elementor-spacer\">\n\t\t\t<div class=\"elementor-spacer-inner\"><\/div>\n\t\t<\/div>\n\t\t\t\t\t\t<\/div>\n\t\t\t\t<\/div>\n\t\t\t\t\t<\/div>\n\t\t<\/div>\n\t\t\t\t\t<\/div>\n\t\t<\/section>\n\t\t\t\t<section class=\"elementor-section elementor-top-section elementor-element elementor-element-d37a01f elementor-section-boxed elementor-section-height-default elementor-section-height-default\" data-id=\"d37a01f\" data-element_type=\"section\" data-e-type=\"section\">\n\t\t\t\t\t\t<div class=\"elementor-container elementor-column-gap-default\">\n\t\t\t\t\t<div class=\"elementor-column elementor-col-100 elementor-top-column elementor-element elementor-element-b6ad833\" data-id=\"b6ad833\" data-element_type=\"column\" data-e-type=\"column\">\n\t\t\t<div class=\"elementor-widget-wrap elementor-element-populated\">\n\t\t\t\t\t\t<div class=\"elementor-element elementor-element-d7363d7 elementor-widget elementor-widget-spacer\" data-id=\"d7363d7\" data-element_type=\"widget\" data-e-type=\"widget\" data-widget_type=\"spacer.default\">\n\t\t\t\t<div class=\"elementor-widget-container\">\n\t\t\t\t\t\t\t<div class=\"elementor-spacer\">\n\t\t\t<div class=\"elementor-spacer-inner\"><\/div>\n\t\t<\/div>\n\t\t\t\t\t\t<\/div>\n\t\t\t\t<\/div>\n\t\t\t\t<div class=\"elementor-element elementor-element-dd4d28b elementor-widget elementor-widget-heading\" data-id=\"dd4d28b\" data-element_type=\"widget\" data-e-type=\"widget\" data-widget_type=\"heading.default\">\n\t\t\t\t<div class=\"elementor-widget-container\">\n\t\t\t\t\t<h2 class=\"elementor-heading-title elementor-size-default\">O\u00dc Hansacom 2022 periaatteet<\/h2>\t\t\t\t<\/div>\n\t\t\t\t<\/div>\n\t\t\t\t<div class=\"elementor-element elementor-element-9b773ef elementor-widget elementor-widget-text-editor\" data-id=\"9b773ef\" data-element_type=\"widget\" data-e-type=\"widget\" data-widget_type=\"text-editor.default\">\n\t\t\t\t<div class=\"elementor-widget-container\">\n\t\t\t\t\t\t\t\t\t<p><strong>Sidosryhmien tarpeiden tyydytt\u00e4miseksi ja ymp\u00e4rist\u00f6n s\u00e4\u00e4st\u00e4miseksi O\u00dc Hansacom sitoutuu seuraavasti:<\/strong><\/p><ol><li style=\"list-style-type: none;\"><ol><li>T\u00e4yt\u00e4 asiakkaiden vaatimukset ja lis\u00e4\u00e4 heid\u00e4n uskottavuuttaan toiminnan l\u00e4pin\u00e4kyvyyden kautta<\/li><li>Est\u00e4 ymp\u00e4rist\u00f6n saastuminen<\/li><li>Nostaa ty\u00f6ntekij\u00f6iden ja yhteisty\u00f6kumppaneiden ymp\u00e4rist\u00f6- ja ty\u00f6turvallisuustietoisuutta<\/li><li>Tarjoa ty\u00f6ntekij\u00f6ille turvallisuuden, tyytyv\u00e4isyyden, toteutettavuuden ja tietoisuuden tunnetta<\/li><li>S\u00e4\u00e4st\u00e4 luonnonvaroja ja ehk\u00e4ist\u00e4 saastumista erityisesti k\u00e4sittelem\u00e4ll\u00e4 erityyppisi\u00e4 j\u00e4tteit\u00e4 asianmukaisesti<\/li><li>Ole joustava ja pysy mukana muuttuvissa markkinatrendeiss\u00e4<\/li><li>Jatkuvasti parantaa johtamisj\u00e4rjestelm\u00e4n tehokkuutta ja ymp\u00e4rist\u00f6nsuojelun tasoa<\/li><li>Noudata lains\u00e4\u00e4d\u00e4nt\u00f6\u00e4 ja muita yrityst\u00e4 koskevia vaatimuksia<\/li><li>K\u00e4yt\u00e4 ymp\u00e4rist\u00f6yst\u00e4v\u00e4llisi\u00e4 teknologioita, kyll\u00e4styskemikaaleja, mekanismeja ja materiaaleja<\/li><li>Osallistu metsien suojeluun<\/li><li>Hallitse riskej\u00e4, v\u00e4lt\u00e4 tai v\u00e4henn\u00e4 vaarojen haitallisia vaikutuksia mahdollisuuksien mukaan<\/li><\/ol><\/li><\/ol>\t\t\t\t\t\t\t\t<\/div>\n\t\t\t\t<\/div>\n\t\t\t\t<div class=\"elementor-element elementor-element-dcb6f5c elementor-widget elementor-widget-spacer\" data-id=\"dcb6f5c\" data-element_type=\"widget\" data-e-type=\"widget\" data-widget_type=\"spacer.default\">\n\t\t\t\t<div class=\"elementor-widget-container\">\n\t\t\t\t\t\t\t<div class=\"elementor-spacer\">\n\t\t\t<div class=\"elementor-spacer-inner\"><\/div>\n\t\t<\/div>\n\t\t\t\t\t\t<\/div>\n\t\t\t\t<\/div>\n\t\t\t\t\t<\/div>\n\t\t<\/div>\n\t\t\t\t\t<\/div>\n\t\t<\/section>\n\t\t\t\t<\/div>\n\t\t","protected":false},"excerpt":{"rendered":"<p>Ohjaavat periaatteet O\u00dc Hansacom 2022 periaatteet Sidosryhmien tarpeiden tyydytt\u00e4miseksi ja ymp\u00e4rist\u00f6n s\u00e4\u00e4st\u00e4miseksi O\u00dc Hansacom sitoutuu seuraavasti: T\u00e4yt\u00e4 asiakkaiden vaatimukset ja lis\u00e4\u00e4 heid\u00e4n uskottavuuttaan toiminnan l\u00e4pin\u00e4kyvyyden kautta Est\u00e4 ymp\u00e4rist\u00f6n saastuminen Nostaa ty\u00f6ntekij\u00f6iden ja yhteisty\u00f6kumppaneiden ymp\u00e4rist\u00f6- ja ty\u00f6turvallisuustietoisuutta Tarjoa ty\u00f6ntekij\u00f6ille turvallisuuden, tyytyv\u00e4isyyden, toteutettavuuden ja tietoisuuden tunnetta S\u00e4\u00e4st\u00e4 luonnonvaroja ja ehk\u00e4ist\u00e4 saastumista erityisesti k\u00e4sittelem\u00e4ll\u00e4 erityyppisi\u00e4 j\u00e4tteit\u00e4 asianmukaisesti Ole [&hellip;]<\/p>\n","protected":false},"author":1,"featured_media":0,"parent":0,"menu_order":0,"comment_status":"closed","ping_status":"closed","template":"","meta":{"inline_featured_image":false,"site-sidebar-layout":"no-sidebar","site-content-layout":"page-builder","ast-site-content-layout":"default","site-content-style":"default","site-sidebar-style":"default","ast-global-header-display":"","ast-banner-title-visibility":"","ast-main-header-display":"","ast-hfb-above-header-display":"","ast-hfb-below-header-display":"","ast-hfb-mobile-header-display":"","site-post-title":"disabled","ast-breadcrumbs-content":"","ast-featured-img":"disabled","footer-sml-layout":"","ast-disable-related-posts":"","theme-transparent-header-meta":"","adv-header-id-meta":"","stick-header-meta":"","header-above-stick-meta":"","header-main-stick-meta":"","header-below-stick-meta":"","astra-migrate-meta-layouts":"default","ast-page-background-enabled":"default","ast-page-background-meta":{"desktop":{"background-color":"var(--ast-global-color-4)","background-image":"","background-repeat":"repeat","background-position":"center center","background-size":"auto","background-attachment":"scroll","background-type":"","background-media":"","overlay-type":"","overlay-color":"","overlay-opacity":"","overlay-gradient":""},"tablet":{"background-color":"","background-image":"","background-repeat":"repeat","background-position":"center center","background-size":"auto","background-attachment":"scroll","background-type":"","background-media":"","overlay-type":"","overlay-color":"","overlay-opacity":"","overlay-gradient":""},"mobile":{"background-color":"","background-image":"","background-repeat":"repeat","background-position":"center center","background-size":"auto","background-attachment":"scroll","background-type":"","background-media":"","overlay-type":"","overlay-color":"","overlay-opacity":"","overlay-gradient":""}},"ast-content-background-meta":{"desktop":{"background-color":"var(--ast-global-color-5)","background-image":"","background-repeat":"repeat","background-position":"center center","background-size":"auto","background-attachment":"scroll","background-type":"","background-media":"","overlay-type":"","overlay-color":"","overlay-opacity":"","overlay-gradient":""},"tablet":{"background-color":"var(--ast-global-color-5)","background-image":"","background-repeat":"repeat","background-position":"center center","background-size":"auto","background-attachment":"scroll","background-type":"","background-media":"","overlay-type":"","overlay-color":"","overlay-opacity":"","overlay-gradient":""},"mobile":{"background-color":"var(--ast-global-color-5)","background-image":"","background-repeat":"repeat","background-position":"center center","background-size":"auto","background-attachment":"scroll","background-type":"","background-media":"","overlay-type":"","overlay-color":"","overlay-opacity":"","overlay-gradient":""}},"footnotes":""},"class_list":["post-1418","page","type-page","status-publish","hentry"],"yoast_head":"<!-- This site is optimized with the Yoast SEO plugin v27.2 - https:\/\/yoast.com\/product\/yoast-seo-wordpress\/ -->\n<title>Ohjaavat periaatteet | Hansacom<\/title>\n<meta name=\"robots\" content=\"index, follow, max-snippet:-1, max-image-preview:large, max-video-preview:-1\" \/>\n<link rel=\"canonical\" href=\"https:\/\/hansacom.ee\/fi\/ohjaavat-periaatteet\/\" \/>\n<meta property=\"og:locale\" content=\"fi_FI\" \/>\n<meta property=\"og:type\" content=\"article\" \/>\n<meta property=\"og:title\" content=\"Ohjaavat periaatteet | Hansacom\" \/>\n<meta property=\"og:description\" content=\"Ohjaavat periaatteet O\u00dc Hansacom 2022 periaatteet Sidosryhmien tarpeiden tyydytt\u00e4miseksi ja ymp\u00e4rist\u00f6n s\u00e4\u00e4st\u00e4miseksi O\u00dc Hansacom sitoutuu seuraavasti: T\u00e4yt\u00e4 asiakkaiden vaatimukset ja lis\u00e4\u00e4 heid\u00e4n uskottavuuttaan toiminnan l\u00e4pin\u00e4kyvyyden kautta Est\u00e4 ymp\u00e4rist\u00f6n saastuminen Nostaa ty\u00f6ntekij\u00f6iden ja yhteisty\u00f6kumppaneiden ymp\u00e4rist\u00f6- ja ty\u00f6turvallisuustietoisuutta Tarjoa ty\u00f6ntekij\u00f6ille turvallisuuden, tyytyv\u00e4isyyden, toteutettavuuden ja tietoisuuden tunnetta S\u00e4\u00e4st\u00e4 luonnonvaroja ja ehk\u00e4ist\u00e4 saastumista erityisesti k\u00e4sittelem\u00e4ll\u00e4 erityyppisi\u00e4 j\u00e4tteit\u00e4 asianmukaisesti Ole [&hellip;]\" \/>\n<meta property=\"og:url\" content=\"https:\/\/hansacom.ee\/fi\/ohjaavat-periaatteet\/\" \/>\n<meta property=\"og:site_name\" content=\"Hansacom\" \/>\n<meta property=\"article:modified_time\" content=\"2022-05-16T08:38:08+00:00\" \/>\n<meta name=\"twitter:card\" content=\"summary_large_image\" \/>\n<meta name=\"twitter:label1\" content=\"Arvioitu lukuaika\" \/>\n\t<meta name=\"twitter:data1\" content=\"1 minuutti\" \/>\n<script type=\"application\/ld+json\" class=\"yoast-schema-graph\">{\"@context\":\"https:\/\/schema.org\",\"@graph\":[{\"@type\":\"WebPage\",\"@id\":\"https:\/\/hansacom.ee\/fi\/ohjaavat-periaatteet\/\",\"url\":\"https:\/\/hansacom.ee\/fi\/ohjaavat-periaatteet\/\",\"name\":\"Ohjaavat periaatteet | Hansacom\",\"isPartOf\":{\"@id\":\"https:\/\/hansacom.ee\/fi\/#website\"},\"datePublished\":\"2022-05-12T08:34:24+00:00\",\"dateModified\":\"2022-05-16T08:38:08+00:00\",\"breadcrumb\":{\"@id\":\"https:\/\/hansacom.ee\/fi\/ohjaavat-periaatteet\/#breadcrumb\"},\"inLanguage\":\"fi\",\"potentialAction\":[{\"@type\":\"ReadAction\",\"target\":[\"https:\/\/hansacom.ee\/fi\/ohjaavat-periaatteet\/\"]}]},{\"@type\":\"BreadcrumbList\",\"@id\":\"https:\/\/hansacom.ee\/fi\/ohjaavat-periaatteet\/#breadcrumb\",\"itemListElement\":[{\"@type\":\"ListItem\",\"position\":1,\"name\":\"Home\",\"item\":\"https:\/\/hansacom.ee\/fi\/\"},{\"@type\":\"ListItem\",\"position\":2,\"name\":\"Ohjaavat periaatteet\"}]},{\"@type\":\"WebSite\",\"@id\":\"https:\/\/hansacom.ee\/fi\/#website\",\"url\":\"https:\/\/hansacom.ee\/fi\/\",\"name\":\"Hansacom\",\"description\":\"...ja puit talub niiskust\",\"publisher\":{\"@id\":\"https:\/\/hansacom.ee\/fi\/#organization\"},\"potentialAction\":[{\"@type\":\"SearchAction\",\"target\":{\"@type\":\"EntryPoint\",\"urlTemplate\":\"https:\/\/hansacom.ee\/fi\/?s={search_term_string}\"},\"query-input\":{\"@type\":\"PropertyValueSpecification\",\"valueRequired\":true,\"valueName\":\"search_term_string\"}}],\"inLanguage\":\"fi\"},{\"@type\":\"Organization\",\"@id\":\"https:\/\/hansacom.ee\/fi\/#organization\",\"name\":\"Hansacom O\u00dc\",\"url\":\"https:\/\/hansacom.ee\/fi\/\",\"logo\":{\"@type\":\"ImageObject\",\"inLanguage\":\"fi\",\"@id\":\"https:\/\/hansacom.ee\/fi\/#\/schema\/logo\/image\/\",\"url\":\"https:\/\/hansacom.ee\/wp-content\/uploads\/2022\/02\/hansacom.svg\",\"contentUrl\":\"https:\/\/hansacom.ee\/wp-content\/uploads\/2022\/02\/hansacom.svg\",\"width\":671,\"height\":218,\"caption\":\"Hansacom O\u00dc\"},\"image\":{\"@id\":\"https:\/\/hansacom.ee\/fi\/#\/schema\/logo\/image\/\"}}]}<\/script>\n<!-- \/ Yoast SEO plugin. -->","yoast_head_json":{"title":"Ohjaavat periaatteet | Hansacom","robots":{"index":"index","follow":"follow","max-snippet":"max-snippet:-1","max-image-preview":"max-image-preview:large","max-video-preview":"max-video-preview:-1"},"canonical":"https:\/\/hansacom.ee\/fi\/ohjaavat-periaatteet\/","og_locale":"fi_FI","og_type":"article","og_title":"Ohjaavat periaatteet | Hansacom","og_description":"Ohjaavat periaatteet O\u00dc Hansacom 2022 periaatteet Sidosryhmien tarpeiden tyydytt\u00e4miseksi ja ymp\u00e4rist\u00f6n s\u00e4\u00e4st\u00e4miseksi O\u00dc Hansacom sitoutuu seuraavasti: T\u00e4yt\u00e4 asiakkaiden vaatimukset ja lis\u00e4\u00e4 heid\u00e4n uskottavuuttaan toiminnan l\u00e4pin\u00e4kyvyyden kautta Est\u00e4 ymp\u00e4rist\u00f6n saastuminen Nostaa ty\u00f6ntekij\u00f6iden ja yhteisty\u00f6kumppaneiden ymp\u00e4rist\u00f6- ja ty\u00f6turvallisuustietoisuutta Tarjoa ty\u00f6ntekij\u00f6ille turvallisuuden, tyytyv\u00e4isyyden, toteutettavuuden ja tietoisuuden tunnetta S\u00e4\u00e4st\u00e4 luonnonvaroja ja ehk\u00e4ist\u00e4 saastumista erityisesti k\u00e4sittelem\u00e4ll\u00e4 erityyppisi\u00e4 j\u00e4tteit\u00e4 asianmukaisesti Ole [&hellip;]","og_url":"https:\/\/hansacom.ee\/fi\/ohjaavat-periaatteet\/","og_site_name":"Hansacom","article_modified_time":"2022-05-16T08:38:08+00:00","twitter_card":"summary_large_image","twitter_misc":{"Arvioitu lukuaika":"1 minuutti"},"schema":{"@context":"https:\/\/schema.org","@graph":[{"@type":"WebPage","@id":"https:\/\/hansacom.ee\/fi\/ohjaavat-periaatteet\/","url":"https:\/\/hansacom.ee\/fi\/ohjaavat-periaatteet\/","name":"Ohjaavat periaatteet | Hansacom","isPartOf":{"@id":"https:\/\/hansacom.ee\/fi\/#website"},"datePublished":"2022-05-12T08:34:24+00:00","dateModified":"2022-05-16T08:38:08+00:00","breadcrumb":{"@id":"https:\/\/hansacom.ee\/fi\/ohjaavat-periaatteet\/#breadcrumb"},"inLanguage":"fi","potentialAction":[{"@type":"ReadAction","target":["https:\/\/hansacom.ee\/fi\/ohjaavat-periaatteet\/"]}]},{"@type":"BreadcrumbList","@id":"https:\/\/hansacom.ee\/fi\/ohjaavat-periaatteet\/#breadcrumb","itemListElement":[{"@type":"ListItem","position":1,"name":"Home","item":"https:\/\/hansacom.ee\/fi\/"},{"@type":"ListItem","position":2,"name":"Ohjaavat periaatteet"}]},{"@type":"WebSite","@id":"https:\/\/hansacom.ee\/fi\/#website","url":"https:\/\/hansacom.ee\/fi\/","name":"Hansacom","description":"...ja puit talub niiskust","publisher":{"@id":"https:\/\/hansacom.ee\/fi\/#organization"},"potentialAction":[{"@type":"SearchAction","target":{"@type":"EntryPoint","urlTemplate":"https:\/\/hansacom.ee\/fi\/?s={search_term_string}"},"query-input":{"@type":"PropertyValueSpecification","valueRequired":true,"valueName":"search_term_string"}}],"inLanguage":"fi"},{"@type":"Organization","@id":"https:\/\/hansacom.ee\/fi\/#organization","name":"Hansacom O\u00dc","url":"https:\/\/hansacom.ee\/fi\/","logo":{"@type":"ImageObject","inLanguage":"fi","@id":"https:\/\/hansacom.ee\/fi\/#\/schema\/logo\/image\/","url":"https:\/\/hansacom.ee\/wp-content\/uploads\/2022\/02\/hansacom.svg","contentUrl":"https:\/\/hansacom.ee\/wp-content\/uploads\/2022\/02\/hansacom.svg","width":671,"height":218,"caption":"Hansacom O\u00dc"},"image":{"@id":"https:\/\/hansacom.ee\/fi\/#\/schema\/logo\/image\/"}}]}},"_links":{"self":[{"href":"https:\/\/hansacom.ee\/fi\/wp-json\/wp\/v2\/pages\/1418","targetHints":{"allow":["GET"]}}],"collection":[{"href":"https:\/\/hansacom.ee\/fi\/wp-json\/wp\/v2\/pages"}],"about":[{"href":"https:\/\/hansacom.ee\/fi\/wp-json\/wp\/v2\/types\/page"}],"author":[{"embeddable":true,"href":"https:\/\/hansacom.ee\/fi\/wp-json\/wp\/v2\/users\/1"}],"replies":[{"embeddable":true,"href":"https:\/\/hansacom.ee\/fi\/wp-json\/wp\/v2\/comments?post=1418"}],"version-history":[{"count":5,"href":"https:\/\/hansacom.ee\/fi\/wp-json\/wp\/v2\/pages\/1418\/revisions"}],"predecessor-version":[{"id":1724,"href":"https:\/\/hansacom.ee\/fi\/wp-json\/wp\/v2\/pages\/1418\/revisions\/1724"}],"wp:attachment":[{"href":"https:\/\/hansacom.ee\/fi\/wp-json\/wp\/v2\/media?parent=1418"}],"curies":[{"name":"wp","href":"https:\/\/api.w.org\/{rel}","templated":true}]}}