{"id":1414,"date":"2022-05-12T08:31:51","date_gmt":"2022-05-12T08:31:51","guid":{"rendered":"https:\/\/hansacom.ee\/kyllastyspalvelu\/"},"modified":"2022-06-14T12:46:15","modified_gmt":"2022-06-14T12:46:15","slug":"kyllastyspalvelu","status":"publish","type":"page","link":"https:\/\/hansacom.ee\/fi\/kyllastyspalvelu\/","title":{"rendered":"Kyll\u00e4styspalvelu"},"content":{"rendered":"\t\t<div data-elementor-type=\"wp-page\" data-elementor-id=\"1414\" class=\"elementor elementor-1414 elementor-38\" data-elementor-post-type=\"page\">\n\t\t\t\t\t\t<section class=\"elementor-section elementor-top-section elementor-element elementor-element-b8831da elementor-section-boxed elementor-section-height-default elementor-section-height-default\" data-id=\"b8831da\" data-element_type=\"section\" data-e-type=\"section\" data-settings=\"{&quot;background_background&quot;:&quot;gradient&quot;}\">\n\t\t\t\t\t\t<div class=\"elementor-container elementor-column-gap-default\">\n\t\t\t\t\t<div class=\"elementor-column elementor-col-100 elementor-top-column elementor-element elementor-element-fb24cb3\" data-id=\"fb24cb3\" data-element_type=\"column\" data-e-type=\"column\">\n\t\t\t<div class=\"elementor-widget-wrap elementor-element-populated\">\n\t\t\t\t\t\t<div class=\"elementor-element elementor-element-1be5c4b elementor-widget elementor-widget-spacer\" data-id=\"1be5c4b\" data-element_type=\"widget\" data-e-type=\"widget\" data-widget_type=\"spacer.default\">\n\t\t\t\t<div class=\"elementor-widget-container\">\n\t\t\t\t\t\t\t<div class=\"elementor-spacer\">\n\t\t\t<div class=\"elementor-spacer-inner\"><\/div>\n\t\t<\/div>\n\t\t\t\t\t\t<\/div>\n\t\t\t\t<\/div>\n\t\t\t\t<div class=\"elementor-element elementor-element-04b70dc elementor-invisible elementor-widget elementor-widget-heading\" data-id=\"04b70dc\" data-element_type=\"widget\" data-e-type=\"widget\" data-settings=\"{&quot;_animation&quot;:&quot;fadeInLeft&quot;}\" data-widget_type=\"heading.default\">\n\t\t\t\t<div class=\"elementor-widget-container\">\n\t\t\t\t\t<h2 class=\"elementor-heading-title elementor-size-default\">Kyll\u00e4styspalvelu<\/h2>\t\t\t\t<\/div>\n\t\t\t\t<\/div>\n\t\t\t\t<div class=\"elementor-element elementor-element-5f98128 elementor-widget elementor-widget-spacer\" data-id=\"5f98128\" data-element_type=\"widget\" data-e-type=\"widget\" data-widget_type=\"spacer.default\">\n\t\t\t\t<div class=\"elementor-widget-container\">\n\t\t\t\t\t\t\t<div class=\"elementor-spacer\">\n\t\t\t<div class=\"elementor-spacer-inner\"><\/div>\n\t\t<\/div>\n\t\t\t\t\t\t<\/div>\n\t\t\t\t<\/div>\n\t\t\t\t\t<\/div>\n\t\t<\/div>\n\t\t\t\t\t<\/div>\n\t\t<\/section>\n\t\t\t\t<section class=\"elementor-section elementor-top-section elementor-element elementor-element-067000a elementor-section-boxed elementor-section-height-default elementor-section-height-default\" data-id=\"067000a\" data-element_type=\"section\" data-e-type=\"section\">\n\t\t\t\t\t\t<div class=\"elementor-container elementor-column-gap-default\">\n\t\t\t\t\t<div class=\"elementor-column elementor-col-100 elementor-top-column elementor-element elementor-element-548d7eb\" data-id=\"548d7eb\" data-element_type=\"column\" data-e-type=\"column\">\n\t\t\t<div class=\"elementor-widget-wrap elementor-element-populated\">\n\t\t\t\t\t\t<div class=\"elementor-element elementor-element-c6df68c elementor-widget elementor-widget-spacer\" data-id=\"c6df68c\" data-element_type=\"widget\" data-e-type=\"widget\" data-widget_type=\"spacer.default\">\n\t\t\t\t<div class=\"elementor-widget-container\">\n\t\t\t\t\t\t\t<div class=\"elementor-spacer\">\n\t\t\t<div class=\"elementor-spacer-inner\"><\/div>\n\t\t<\/div>\n\t\t\t\t\t\t<\/div>\n\t\t\t\t<\/div>\n\t\t\t\t<div class=\"elementor-element elementor-element-a399585 elementor-widget elementor-widget-text-editor\" data-id=\"a399585\" data-element_type=\"widget\" data-e-type=\"widget\" data-widget_type=\"text-editor.default\">\n\t\t\t\t<div class=\"elementor-widget-container\">\n\t\t\t\t\t\t\t\t\t<p>Puu kyll\u00e4stet\u00e4\u00e4n autoklaavissa tyhji\u00f6- ja painemenetelmill\u00e4.<br>Autoklaavi on sylinteri, johon puu ty\u00f6nnet\u00e4\u00e4n ja k\u00e4sitell\u00e4\u00e4n sitten kosteudenkest\u00e4v\u00e4ksi.<\/p>\t\t\t\t\t\t\t\t<\/div>\n\t\t\t\t<\/div>\n\t\t\t\t<div class=\"elementor-element elementor-element-1085a27 elementor-widget elementor-widget-image\" data-id=\"1085a27\" data-element_type=\"widget\" data-e-type=\"widget\" data-widget_type=\"image.default\">\n\t\t\t\t<div class=\"elementor-widget-container\">\n\t\t\t\t\t\t\t\t\t\t\t\t\t\t\t<img fetchpriority=\"high\" decoding=\"async\" width=\"550\" height=\"430\" src=\"https:\/\/hansacom.ee\/wp-content\/uploads\/2022\/02\/protsess.gif\" class=\"attachment-full size-full wp-image-935\" alt=\"\" \/>\t\t\t\t\t\t\t\t\t\t\t\t\t\t\t<\/div>\n\t\t\t\t<\/div>\n\t\t\t\t\t<\/div>\n\t\t<\/div>\n\t\t\t\t\t<\/div>\n\t\t<\/section>\n\t\t\t\t<\/div>\n\t\t","protected":false},"excerpt":{"rendered":"<p>Kyll\u00e4styspalvelu Puu kyll\u00e4stet\u00e4\u00e4n autoklaavissa tyhji\u00f6- ja painemenetelmill\u00e4.Autoklaavi on sylinteri, johon puu ty\u00f6nnet\u00e4\u00e4n ja k\u00e4sitell\u00e4\u00e4n sitten kosteudenkest\u00e4v\u00e4ksi.<\/p>\n","protected":false},"author":1,"featured_media":0,"parent":0,"menu_order":0,"comment_status":"closed","ping_status":"closed","template":"elementor_header_footer","meta":{"inline_featured_image":false,"site-sidebar-layout":"no-sidebar","site-content-layout":"page-builder","ast-site-content-layout":"default","site-content-style":"default","site-sidebar-style":"default","ast-global-header-display":"","ast-banner-title-visibility":"","ast-main-header-display":"","ast-hfb-above-header-display":"","ast-hfb-below-header-display":"","ast-hfb-mobile-header-display":"","site-post-title":"disabled","ast-breadcrumbs-content":"","ast-featured-img":"disabled","footer-sml-layout":"","ast-disable-related-posts":"","theme-transparent-header-meta":"","adv-header-id-meta":"","stick-header-meta":"","header-above-stick-meta":"","header-main-stick-meta":"","header-below-stick-meta":"","astra-migrate-meta-layouts":"default","ast-page-background-enabled":"default","ast-page-background-meta":{"desktop":{"background-color":"var(--ast-global-color-4)","background-image":"","background-repeat":"repeat","background-position":"center center","background-size":"auto","background-attachment":"scroll","background-type":"","background-media":"","overlay-type":"","overlay-color":"","overlay-opacity":"","overlay-gradient":""},"tablet":{"background-color":"","background-image":"","background-repeat":"repeat","background-position":"center center","background-size":"auto","background-attachment":"scroll","background-type":"","background-media":"","overlay-type":"","overlay-color":"","overlay-opacity":"","overlay-gradient":""},"mobile":{"background-color":"","background-image":"","background-repeat":"repeat","background-position":"center center","background-size":"auto","background-attachment":"scroll","background-type":"","background-media":"","overlay-type":"","overlay-color":"","overlay-opacity":"","overlay-gradient":""}},"ast-content-background-meta":{"desktop":{"background-color":"var(--ast-global-color-5)","background-image":"","background-repeat":"repeat","background-position":"center center","background-size":"auto","background-attachment":"scroll","background-type":"","background-media":"","overlay-type":"","overlay-color":"","overlay-opacity":"","overlay-gradient":""},"tablet":{"background-color":"var(--ast-global-color-5)","background-image":"","background-repeat":"repeat","background-position":"center center","background-size":"auto","background-attachment":"scroll","background-type":"","background-media":"","overlay-type":"","overlay-color":"","overlay-opacity":"","overlay-gradient":""},"mobile":{"background-color":"var(--ast-global-color-5)","background-image":"","background-repeat":"repeat","background-position":"center center","background-size":"auto","background-attachment":"scroll","background-type":"","background-media":"","overlay-type":"","overlay-color":"","overlay-opacity":"","overlay-gradient":""}},"footnotes":""},"class_list":["post-1414","page","type-page","status-publish","hentry"],"yoast_head":"<!-- This site is optimized with the Yoast SEO plugin v27.2 - https:\/\/yoast.com\/product\/yoast-seo-wordpress\/ -->\n<title>Kyll\u00e4styspalvelu | Hansacom<\/title>\n<meta name=\"description\" content=\"Puu kyll\u00e4stet\u00e4\u00e4n autoklaavilla tyhji\u00f6- ja painemenetelm\u00e4ll\u00e4. Autoklaavi on sylinteri, johon puu ajetaan ja k\u00e4sitell\u00e4\u00e4n kosteudenkest\u00e4v\u00e4ksi.\" \/>\n<meta name=\"robots\" content=\"index, follow, max-snippet:-1, max-image-preview:large, max-video-preview:-1\" \/>\n<link rel=\"canonical\" href=\"https:\/\/hansacom.ee\/fi\/kyllastyspalvelu\/\" \/>\n<meta property=\"og:locale\" content=\"fi_FI\" \/>\n<meta property=\"og:type\" content=\"article\" \/>\n<meta property=\"og:title\" content=\"Kyll\u00e4styspalvelu | Hansacom\" \/>\n<meta property=\"og:description\" content=\"Puu kyll\u00e4stet\u00e4\u00e4n autoklaavilla tyhji\u00f6- ja painemenetelm\u00e4ll\u00e4. Autoklaavi on sylinteri, johon puu ajetaan ja k\u00e4sitell\u00e4\u00e4n kosteudenkest\u00e4v\u00e4ksi.\" \/>\n<meta property=\"og:url\" content=\"https:\/\/hansacom.ee\/fi\/kyllastyspalvelu\/\" \/>\n<meta property=\"og:site_name\" content=\"Hansacom\" \/>\n<meta property=\"article:modified_time\" content=\"2022-06-14T12:46:15+00:00\" \/>\n<meta property=\"og:image\" content=\"https:\/\/hansacom.ee\/wp-content\/uploads\/2022\/02\/protsess.gif\" \/>\n<meta name=\"twitter:card\" content=\"summary_large_image\" \/>\n<meta name=\"twitter:label1\" content=\"Arvioitu lukuaika\" \/>\n\t<meta name=\"twitter:data1\" content=\"1 minuutti\" \/>\n<script type=\"application\/ld+json\" class=\"yoast-schema-graph\">{\"@context\":\"https:\/\/schema.org\",\"@graph\":[{\"@type\":\"WebPage\",\"@id\":\"https:\/\/hansacom.ee\/fi\/kyllastyspalvelu\/\",\"url\":\"https:\/\/hansacom.ee\/fi\/kyllastyspalvelu\/\",\"name\":\"Kyll\u00e4styspalvelu | Hansacom\",\"isPartOf\":{\"@id\":\"https:\/\/hansacom.ee\/fi\/#website\"},\"primaryImageOfPage\":{\"@id\":\"https:\/\/hansacom.ee\/fi\/kyllastyspalvelu\/#primaryimage\"},\"image\":{\"@id\":\"https:\/\/hansacom.ee\/fi\/kyllastyspalvelu\/#primaryimage\"},\"thumbnailUrl\":\"https:\/\/hansacom.ee\/wp-content\/uploads\/2022\/02\/protsess.gif\",\"datePublished\":\"2022-05-12T08:31:51+00:00\",\"dateModified\":\"2022-06-14T12:46:15+00:00\",\"description\":\"Puu kyll\u00e4stet\u00e4\u00e4n autoklaavilla tyhji\u00f6- ja painemenetelm\u00e4ll\u00e4. Autoklaavi on sylinteri, johon puu ajetaan ja k\u00e4sitell\u00e4\u00e4n kosteudenkest\u00e4v\u00e4ksi.\",\"breadcrumb\":{\"@id\":\"https:\/\/hansacom.ee\/fi\/kyllastyspalvelu\/#breadcrumb\"},\"inLanguage\":\"fi\",\"potentialAction\":[{\"@type\":\"ReadAction\",\"target\":[\"https:\/\/hansacom.ee\/fi\/kyllastyspalvelu\/\"]}]},{\"@type\":\"ImageObject\",\"inLanguage\":\"fi\",\"@id\":\"https:\/\/hansacom.ee\/fi\/kyllastyspalvelu\/#primaryimage\",\"url\":\"https:\/\/hansacom.ee\/wp-content\/uploads\/2022\/02\/protsess.gif\",\"contentUrl\":\"https:\/\/hansacom.ee\/wp-content\/uploads\/2022\/02\/protsess.gif\"},{\"@type\":\"BreadcrumbList\",\"@id\":\"https:\/\/hansacom.ee\/fi\/kyllastyspalvelu\/#breadcrumb\",\"itemListElement\":[{\"@type\":\"ListItem\",\"position\":1,\"name\":\"Home\",\"item\":\"https:\/\/hansacom.ee\/fi\/\"},{\"@type\":\"ListItem\",\"position\":2,\"name\":\"Kyll\u00e4styspalvelu\"}]},{\"@type\":\"WebSite\",\"@id\":\"https:\/\/hansacom.ee\/fi\/#website\",\"url\":\"https:\/\/hansacom.ee\/fi\/\",\"name\":\"Hansacom\",\"description\":\"...ja puit talub niiskust\",\"publisher\":{\"@id\":\"https:\/\/hansacom.ee\/fi\/#organization\"},\"potentialAction\":[{\"@type\":\"SearchAction\",\"target\":{\"@type\":\"EntryPoint\",\"urlTemplate\":\"https:\/\/hansacom.ee\/fi\/?s={search_term_string}\"},\"query-input\":{\"@type\":\"PropertyValueSpecification\",\"valueRequired\":true,\"valueName\":\"search_term_string\"}}],\"inLanguage\":\"fi\"},{\"@type\":\"Organization\",\"@id\":\"https:\/\/hansacom.ee\/fi\/#organization\",\"name\":\"Hansacom O\u00dc\",\"url\":\"https:\/\/hansacom.ee\/fi\/\",\"logo\":{\"@type\":\"ImageObject\",\"inLanguage\":\"fi\",\"@id\":\"https:\/\/hansacom.ee\/fi\/#\/schema\/logo\/image\/\",\"url\":\"https:\/\/hansacom.ee\/wp-content\/uploads\/2022\/02\/hansacom.svg\",\"contentUrl\":\"https:\/\/hansacom.ee\/wp-content\/uploads\/2022\/02\/hansacom.svg\",\"width\":671,\"height\":218,\"caption\":\"Hansacom O\u00dc\"},\"image\":{\"@id\":\"https:\/\/hansacom.ee\/fi\/#\/schema\/logo\/image\/\"}}]}<\/script>\n<!-- \/ Yoast SEO plugin. -->","yoast_head_json":{"title":"Kyll\u00e4styspalvelu | Hansacom","description":"Puu kyll\u00e4stet\u00e4\u00e4n autoklaavilla tyhji\u00f6- ja painemenetelm\u00e4ll\u00e4. Autoklaavi on sylinteri, johon puu ajetaan ja k\u00e4sitell\u00e4\u00e4n kosteudenkest\u00e4v\u00e4ksi.","robots":{"index":"index","follow":"follow","max-snippet":"max-snippet:-1","max-image-preview":"max-image-preview:large","max-video-preview":"max-video-preview:-1"},"canonical":"https:\/\/hansacom.ee\/fi\/kyllastyspalvelu\/","og_locale":"fi_FI","og_type":"article","og_title":"Kyll\u00e4styspalvelu | Hansacom","og_description":"Puu kyll\u00e4stet\u00e4\u00e4n autoklaavilla tyhji\u00f6- ja painemenetelm\u00e4ll\u00e4. Autoklaavi on sylinteri, johon puu ajetaan ja k\u00e4sitell\u00e4\u00e4n kosteudenkest\u00e4v\u00e4ksi.","og_url":"https:\/\/hansacom.ee\/fi\/kyllastyspalvelu\/","og_site_name":"Hansacom","article_modified_time":"2022-06-14T12:46:15+00:00","og_image":[{"url":"https:\/\/hansacom.ee\/wp-content\/uploads\/2022\/02\/protsess.gif","type":"","width":"","height":""}],"twitter_card":"summary_large_image","twitter_misc":{"Arvioitu lukuaika":"1 minuutti"},"schema":{"@context":"https:\/\/schema.org","@graph":[{"@type":"WebPage","@id":"https:\/\/hansacom.ee\/fi\/kyllastyspalvelu\/","url":"https:\/\/hansacom.ee\/fi\/kyllastyspalvelu\/","name":"Kyll\u00e4styspalvelu | Hansacom","isPartOf":{"@id":"https:\/\/hansacom.ee\/fi\/#website"},"primaryImageOfPage":{"@id":"https:\/\/hansacom.ee\/fi\/kyllastyspalvelu\/#primaryimage"},"image":{"@id":"https:\/\/hansacom.ee\/fi\/kyllastyspalvelu\/#primaryimage"},"thumbnailUrl":"https:\/\/hansacom.ee\/wp-content\/uploads\/2022\/02\/protsess.gif","datePublished":"2022-05-12T08:31:51+00:00","dateModified":"2022-06-14T12:46:15+00:00","description":"Puu kyll\u00e4stet\u00e4\u00e4n autoklaavilla tyhji\u00f6- ja painemenetelm\u00e4ll\u00e4. Autoklaavi on sylinteri, johon puu ajetaan ja k\u00e4sitell\u00e4\u00e4n kosteudenkest\u00e4v\u00e4ksi.","breadcrumb":{"@id":"https:\/\/hansacom.ee\/fi\/kyllastyspalvelu\/#breadcrumb"},"inLanguage":"fi","potentialAction":[{"@type":"ReadAction","target":["https:\/\/hansacom.ee\/fi\/kyllastyspalvelu\/"]}]},{"@type":"ImageObject","inLanguage":"fi","@id":"https:\/\/hansacom.ee\/fi\/kyllastyspalvelu\/#primaryimage","url":"https:\/\/hansacom.ee\/wp-content\/uploads\/2022\/02\/protsess.gif","contentUrl":"https:\/\/hansacom.ee\/wp-content\/uploads\/2022\/02\/protsess.gif"},{"@type":"BreadcrumbList","@id":"https:\/\/hansacom.ee\/fi\/kyllastyspalvelu\/#breadcrumb","itemListElement":[{"@type":"ListItem","position":1,"name":"Home","item":"https:\/\/hansacom.ee\/fi\/"},{"@type":"ListItem","position":2,"name":"Kyll\u00e4styspalvelu"}]},{"@type":"WebSite","@id":"https:\/\/hansacom.ee\/fi\/#website","url":"https:\/\/hansacom.ee\/fi\/","name":"Hansacom","description":"...ja puit talub niiskust","publisher":{"@id":"https:\/\/hansacom.ee\/fi\/#organization"},"potentialAction":[{"@type":"SearchAction","target":{"@type":"EntryPoint","urlTemplate":"https:\/\/hansacom.ee\/fi\/?s={search_term_string}"},"query-input":{"@type":"PropertyValueSpecification","valueRequired":true,"valueName":"search_term_string"}}],"inLanguage":"fi"},{"@type":"Organization","@id":"https:\/\/hansacom.ee\/fi\/#organization","name":"Hansacom O\u00dc","url":"https:\/\/hansacom.ee\/fi\/","logo":{"@type":"ImageObject","inLanguage":"fi","@id":"https:\/\/hansacom.ee\/fi\/#\/schema\/logo\/image\/","url":"https:\/\/hansacom.ee\/wp-content\/uploads\/2022\/02\/hansacom.svg","contentUrl":"https:\/\/hansacom.ee\/wp-content\/uploads\/2022\/02\/hansacom.svg","width":671,"height":218,"caption":"Hansacom O\u00dc"},"image":{"@id":"https:\/\/hansacom.ee\/fi\/#\/schema\/logo\/image\/"}}]}},"_links":{"self":[{"href":"https:\/\/hansacom.ee\/fi\/wp-json\/wp\/v2\/pages\/1414","targetHints":{"allow":["GET"]}}],"collection":[{"href":"https:\/\/hansacom.ee\/fi\/wp-json\/wp\/v2\/pages"}],"about":[{"href":"https:\/\/hansacom.ee\/fi\/wp-json\/wp\/v2\/types\/page"}],"author":[{"embeddable":true,"href":"https:\/\/hansacom.ee\/fi\/wp-json\/wp\/v2\/users\/1"}],"replies":[{"embeddable":true,"href":"https:\/\/hansacom.ee\/fi\/wp-json\/wp\/v2\/comments?post=1414"}],"version-history":[{"count":3,"href":"https:\/\/hansacom.ee\/fi\/wp-json\/wp\/v2\/pages\/1414\/revisions"}],"predecessor-version":[{"id":1933,"href":"https:\/\/hansacom.ee\/fi\/wp-json\/wp\/v2\/pages\/1414\/revisions\/1933"}],"wp:attachment":[{"href":"https:\/\/hansacom.ee\/fi\/wp-json\/wp\/v2\/media?parent=1414"}],"curies":[{"name":"wp","href":"https:\/\/api.w.org\/{rel}","templated":true}]}}