{"id":1410,"date":"2022-05-12T08:31:14","date_gmt":"2022-05-12T08:31:14","guid":{"rendered":"https:\/\/hansacom.ee\/kyllastysprosessi\/"},"modified":"2022-05-16T08:37:53","modified_gmt":"2022-05-16T08:37:53","slug":"kyllastysprosessi","status":"publish","type":"page","link":"https:\/\/hansacom.ee\/fi\/kyllastysprosessi\/","title":{"rendered":"Kyll\u00e4stysprosessi"},"content":{"rendered":"\t\t<div data-elementor-type=\"wp-page\" data-elementor-id=\"1410\" class=\"elementor elementor-1410 elementor-42\" data-elementor-post-type=\"page\">\n\t\t\t\t\t\t<section class=\"elementor-section elementor-top-section elementor-element elementor-element-fef353e elementor-section-boxed elementor-section-height-default elementor-section-height-default\" data-id=\"fef353e\" data-element_type=\"section\" data-e-type=\"section\" data-settings=\"{&quot;background_background&quot;:&quot;gradient&quot;}\">\n\t\t\t\t\t\t<div class=\"elementor-container elementor-column-gap-default\">\n\t\t\t\t\t<div class=\"elementor-column elementor-col-100 elementor-top-column elementor-element elementor-element-da88173\" data-id=\"da88173\" data-element_type=\"column\" data-e-type=\"column\">\n\t\t\t<div class=\"elementor-widget-wrap elementor-element-populated\">\n\t\t\t\t\t\t<div class=\"elementor-element elementor-element-0c4e305 elementor-widget elementor-widget-spacer\" data-id=\"0c4e305\" data-element_type=\"widget\" data-e-type=\"widget\" data-widget_type=\"spacer.default\">\n\t\t\t\t<div class=\"elementor-widget-container\">\n\t\t\t\t\t\t\t<div class=\"elementor-spacer\">\n\t\t\t<div class=\"elementor-spacer-inner\"><\/div>\n\t\t<\/div>\n\t\t\t\t\t\t<\/div>\n\t\t\t\t<\/div>\n\t\t\t\t<div class=\"elementor-element elementor-element-c166d62 elementor-invisible elementor-widget elementor-widget-heading\" data-id=\"c166d62\" data-element_type=\"widget\" data-e-type=\"widget\" data-settings=\"{&quot;_animation&quot;:&quot;fadeInLeft&quot;}\" data-widget_type=\"heading.default\">\n\t\t\t\t<div class=\"elementor-widget-container\">\n\t\t\t\t\t<h2 class=\"elementor-heading-title elementor-size-default\">Kyll\u00e4stysprosessi<\/h2>\t\t\t\t<\/div>\n\t\t\t\t<\/div>\n\t\t\t\t<div class=\"elementor-element elementor-element-f627907 elementor-widget elementor-widget-spacer\" data-id=\"f627907\" data-element_type=\"widget\" data-e-type=\"widget\" data-widget_type=\"spacer.default\">\n\t\t\t\t<div class=\"elementor-widget-container\">\n\t\t\t\t\t\t\t<div class=\"elementor-spacer\">\n\t\t\t<div class=\"elementor-spacer-inner\"><\/div>\n\t\t<\/div>\n\t\t\t\t\t\t<\/div>\n\t\t\t\t<\/div>\n\t\t\t\t\t<\/div>\n\t\t<\/div>\n\t\t\t\t\t<\/div>\n\t\t<\/section>\n\t\t\t\t<section class=\"elementor-section elementor-top-section elementor-element elementor-element-1f58945 elementor-section-boxed elementor-section-height-default elementor-section-height-default\" data-id=\"1f58945\" data-element_type=\"section\" data-e-type=\"section\">\n\t\t\t\t\t\t<div class=\"elementor-container elementor-column-gap-default\">\n\t\t\t\t\t<div class=\"elementor-column elementor-col-100 elementor-top-column elementor-element elementor-element-b7955cb\" data-id=\"b7955cb\" data-element_type=\"column\" data-e-type=\"column\">\n\t\t\t<div class=\"elementor-widget-wrap elementor-element-populated\">\n\t\t\t\t\t\t<div class=\"elementor-element elementor-element-caaf3aa elementor-widget elementor-widget-spacer\" data-id=\"caaf3aa\" data-element_type=\"widget\" data-e-type=\"widget\" data-widget_type=\"spacer.default\">\n\t\t\t\t<div class=\"elementor-widget-container\">\n\t\t\t\t\t\t\t<div class=\"elementor-spacer\">\n\t\t\t<div class=\"elementor-spacer-inner\"><\/div>\n\t\t<\/div>\n\t\t\t\t\t\t<\/div>\n\t\t\t\t<\/div>\n\t\t\t\t<div class=\"elementor-element elementor-element-78ba7bb elementor-widget elementor-widget-text-editor\" data-id=\"78ba7bb\" data-element_type=\"widget\" data-e-type=\"widget\" data-widget_type=\"text-editor.default\">\n\t\t\t\t<div class=\"elementor-widget-container\">\n\t\t\t\t\t\t\t\t\t<p>Celcurella kyll\u00e4stetty puu on k\u00e4sitelty puukyll\u00e4styslaitoksessa tyhji\u00f6kyll\u00e4stysmenetelm\u00e4ll\u00e4. Celcure on vesipitoinen puun kyll\u00e4stysaine, joka sis\u00e4lt\u00e4\u00e4 kupariyhdisteit\u00e4 ja orgaanisia biosideja. Kemialliset komponentit tunkeutuvat puurakenteeseen, eik\u00e4 niit\u00e4 ole en\u00e4\u00e4 helppo poistaa. Celcure ei sis\u00e4ll\u00e4 kromi- tai arseeniyhdisteit\u00e4. Celcurella kyll\u00e4stetty puu on pitk\u00e4\u00e4n suojattu sienilt\u00e4, \u200b\u200bhy\u00f6nteisilt\u00e4 ja termiiteilt\u00e4, \u200b\u200bjotka joutuvat kosketuksiin maaper\u00e4n kanssa ja sen puuttuessa.<\/p>\t\t\t\t\t\t\t\t<\/div>\n\t\t\t\t<\/div>\n\t\t\t\t<section class=\"elementor-section elementor-inner-section elementor-element elementor-element-013e108 elementor-section-boxed elementor-section-height-default elementor-section-height-default\" data-id=\"013e108\" data-element_type=\"section\" data-e-type=\"section\">\n\t\t\t\t\t\t<div class=\"elementor-container elementor-column-gap-default\">\n\t\t\t\t\t<div class=\"elementor-column elementor-col-33 elementor-inner-column elementor-element elementor-element-2c9d168\" data-id=\"2c9d168\" data-element_type=\"column\" data-e-type=\"column\">\n\t\t\t<div class=\"elementor-widget-wrap elementor-element-populated\">\n\t\t\t\t\t\t<div class=\"elementor-element elementor-element-e83de3f elementor-widget elementor-widget-image\" data-id=\"e83de3f\" data-element_type=\"widget\" data-e-type=\"widget\" data-widget_type=\"image.default\">\n\t\t\t\t<div class=\"elementor-widget-container\">\n\t\t\t\t\t\t\t\t\t\t\t\t\t\t\t\t<a href=\"https:\/\/hansacom.ee\/wp-content\/uploads\/2022\/02\/definitsioon.jpg\" data-elementor-open-lightbox=\"yes\" data-elementor-lightbox-title=\"Kyll\u00e4stysprosessi\" data-e-action-hash=\"#elementor-action%3Aaction%3Dlightbox%26settings%3DeyJpZCI6OTU2LCJ1cmwiOiJodHRwczpcL1wvaGFuc2Fjb20uZWVcL3dwLWNvbnRlbnRcL3VwbG9hZHNcLzIwMjJcLzAyXC9kZWZpbml0c2lvb24uanBnIn0%3D\">\n\t\t\t\t\t\t\t<img fetchpriority=\"high\" decoding=\"async\" width=\"477\" height=\"317\" src=\"https:\/\/hansacom.ee\/wp-content\/uploads\/2022\/02\/definitsioon.jpg\" class=\"attachment-2048x2048 size-2048x2048 wp-image-956\" alt=\"Kyll\u00e4stysprosessi\" srcset=\"https:\/\/hansacom.ee\/wp-content\/uploads\/2022\/02\/definitsioon.jpg 477w, https:\/\/hansacom.ee\/wp-content\/uploads\/2022\/02\/definitsioon-300x199.jpg 300w\" sizes=\"(max-width: 477px) 100vw, 477px\" \/>\t\t\t\t\t\t\t\t<\/a>\n\t\t\t\t\t\t\t\t\t\t\t\t\t\t\t<\/div>\n\t\t\t\t<\/div>\n\t\t\t\t\t<\/div>\n\t\t<\/div>\n\t\t\t\t<div class=\"elementor-column elementor-col-33 elementor-inner-column elementor-element elementor-element-ea119f9\" data-id=\"ea119f9\" data-element_type=\"column\" data-e-type=\"column\">\n\t\t\t<div class=\"elementor-widget-wrap elementor-element-populated\">\n\t\t\t\t\t\t<div class=\"elementor-element elementor-element-ed7ef25 elementor-widget elementor-widget-image\" data-id=\"ed7ef25\" data-element_type=\"widget\" data-e-type=\"widget\" data-widget_type=\"image.default\">\n\t\t\t\t<div class=\"elementor-widget-container\">\n\t\t\t\t\t\t\t\t\t\t\t\t\t\t\t\t<a href=\"https:\/\/hansacom.ee\/wp-content\/uploads\/2022\/05\/MALTSPUITfin.png\" data-elementor-open-lightbox=\"yes\" data-elementor-lightbox-title=\"MALTSPUITfin\" data-e-action-hash=\"#elementor-action%3Aaction%3Dlightbox%26settings%3DeyJpZCI6MTUwNywidXJsIjoiaHR0cHM6XC9cL2hhbnNhY29tLmVlXC93cC1jb250ZW50XC91cGxvYWRzXC8yMDIyXC8wNVwvTUFMVFNQVUlUZmluLnBuZyJ9\">\n\t\t\t\t\t\t\t<img decoding=\"async\" width=\"907\" height=\"455\" src=\"https:\/\/hansacom.ee\/wp-content\/uploads\/2022\/05\/MALTSPUITfin.png\" class=\"attachment-2048x2048 size-2048x2048 wp-image-1507\" alt=\"\" srcset=\"https:\/\/hansacom.ee\/wp-content\/uploads\/2022\/05\/MALTSPUITfin.png 907w, https:\/\/hansacom.ee\/wp-content\/uploads\/2022\/05\/MALTSPUITfin-300x150.png 300w, https:\/\/hansacom.ee\/wp-content\/uploads\/2022\/05\/MALTSPUITfin-768x385.png 768w\" sizes=\"(max-width: 907px) 100vw, 907px\" \/>\t\t\t\t\t\t\t\t<\/a>\n\t\t\t\t\t\t\t\t\t\t\t\t\t\t\t<\/div>\n\t\t\t\t<\/div>\n\t\t\t\t\t<\/div>\n\t\t<\/div>\n\t\t\t\t<div class=\"elementor-column elementor-col-33 elementor-inner-column elementor-element elementor-element-0ef60c4\" data-id=\"0ef60c4\" data-element_type=\"column\" data-e-type=\"column\">\n\t\t\t<div class=\"elementor-widget-wrap elementor-element-populated\">\n\t\t\t\t\t\t<div class=\"elementor-element elementor-element-6d0f236 elementor-widget elementor-widget-image\" data-id=\"6d0f236\" data-element_type=\"widget\" data-e-type=\"widget\" data-widget_type=\"image.default\">\n\t\t\t\t<div class=\"elementor-widget-container\">\n\t\t\t\t\t\t\t\t\t\t\t\t\t\t\t\t<a href=\"https:\/\/hansacom.ee\/wp-content\/uploads\/2022\/05\/LULIPUITfin.png\" data-elementor-open-lightbox=\"yes\" data-elementor-lightbox-title=\"L\u00dcLIPUITfin\" data-e-action-hash=\"#elementor-action%3Aaction%3Dlightbox%26settings%3DeyJpZCI6MTUxMSwidXJsIjoiaHR0cHM6XC9cL2hhbnNhY29tLmVlXC93cC1jb250ZW50XC91cGxvYWRzXC8yMDIyXC8wNVwvTFVMSVBVSVRmaW4ucG5nIn0%3D\">\n\t\t\t\t\t\t\t<img decoding=\"async\" width=\"907\" height=\"455\" src=\"https:\/\/hansacom.ee\/wp-content\/uploads\/2022\/05\/LULIPUITfin.png\" class=\"attachment-2048x2048 size-2048x2048 wp-image-1511\" alt=\"\" srcset=\"https:\/\/hansacom.ee\/wp-content\/uploads\/2022\/05\/LULIPUITfin.png 907w, https:\/\/hansacom.ee\/wp-content\/uploads\/2022\/05\/LULIPUITfin-300x150.png 300w, https:\/\/hansacom.ee\/wp-content\/uploads\/2022\/05\/LULIPUITfin-768x385.png 768w\" sizes=\"(max-width: 907px) 100vw, 907px\" \/>\t\t\t\t\t\t\t\t<\/a>\n\t\t\t\t\t\t\t\t\t\t\t\t\t\t\t<\/div>\n\t\t\t\t<\/div>\n\t\t\t\t\t<\/div>\n\t\t<\/div>\n\t\t\t\t\t<\/div>\n\t\t<\/section>\n\t\t\t\t<div class=\"elementor-element elementor-element-c002783 elementor-widget elementor-widget-spacer\" data-id=\"c002783\" data-element_type=\"widget\" data-e-type=\"widget\" data-widget_type=\"spacer.default\">\n\t\t\t\t<div class=\"elementor-widget-container\">\n\t\t\t\t\t\t\t<div class=\"elementor-spacer\">\n\t\t\t<div class=\"elementor-spacer-inner\"><\/div>\n\t\t<\/div>\n\t\t\t\t\t\t<\/div>\n\t\t\t\t<\/div>\n\t\t\t\t\t<\/div>\n\t\t<\/div>\n\t\t\t\t\t<\/div>\n\t\t<\/section>\n\t\t\t\t<\/div>\n\t\t","protected":false},"excerpt":{"rendered":"<p>Kyll\u00e4stysprosessi Celcurella kyll\u00e4stetty puu on k\u00e4sitelty puukyll\u00e4styslaitoksessa tyhji\u00f6kyll\u00e4stysmenetelm\u00e4ll\u00e4. Celcure on vesipitoinen puun kyll\u00e4stysaine, joka sis\u00e4lt\u00e4\u00e4 kupariyhdisteit\u00e4 ja orgaanisia biosideja. Kemialliset komponentit tunkeutuvat puurakenteeseen, eik\u00e4 niit\u00e4 ole en\u00e4\u00e4 helppo poistaa. Celcure ei sis\u00e4ll\u00e4 kromi- tai arseeniyhdisteit\u00e4. Celcurella kyll\u00e4stetty puu on pitk\u00e4\u00e4n suojattu sienilt\u00e4, \u200b\u200bhy\u00f6nteisilt\u00e4 ja termiiteilt\u00e4, \u200b\u200bjotka joutuvat kosketuksiin maaper\u00e4n kanssa ja sen puuttuessa.<\/p>\n","protected":false},"author":1,"featured_media":0,"parent":0,"menu_order":0,"comment_status":"closed","ping_status":"closed","template":"elementor_header_footer","meta":{"inline_featured_image":false,"site-sidebar-layout":"no-sidebar","site-content-layout":"page-builder","ast-site-content-layout":"default","site-content-style":"default","site-sidebar-style":"default","ast-global-header-display":"","ast-banner-title-visibility":"","ast-main-header-display":"","ast-hfb-above-header-display":"","ast-hfb-below-header-display":"","ast-hfb-mobile-header-display":"","site-post-title":"disabled","ast-breadcrumbs-content":"","ast-featured-img":"disabled","footer-sml-layout":"","ast-disable-related-posts":"","theme-transparent-header-meta":"","adv-header-id-meta":"","stick-header-meta":"","header-above-stick-meta":"","header-main-stick-meta":"","header-below-stick-meta":"","astra-migrate-meta-layouts":"default","ast-page-background-enabled":"default","ast-page-background-meta":{"desktop":{"background-color":"var(--ast-global-color-4)","background-image":"","background-repeat":"repeat","background-position":"center center","background-size":"auto","background-attachment":"scroll","background-type":"","background-media":"","overlay-type":"","overlay-color":"","overlay-opacity":"","overlay-gradient":""},"tablet":{"background-color":"","background-image":"","background-repeat":"repeat","background-position":"center center","background-size":"auto","background-attachment":"scroll","background-type":"","background-media":"","overlay-type":"","overlay-color":"","overlay-opacity":"","overlay-gradient":""},"mobile":{"background-color":"","background-image":"","background-repeat":"repeat","background-position":"center center","background-size":"auto","background-attachment":"scroll","background-type":"","background-media":"","overlay-type":"","overlay-color":"","overlay-opacity":"","overlay-gradient":""}},"ast-content-background-meta":{"desktop":{"background-color":"var(--ast-global-color-5)","background-image":"","background-repeat":"repeat","background-position":"center center","background-size":"auto","background-attachment":"scroll","background-type":"","background-media":"","overlay-type":"","overlay-color":"","overlay-opacity":"","overlay-gradient":""},"tablet":{"background-color":"var(--ast-global-color-5)","background-image":"","background-repeat":"repeat","background-position":"center center","background-size":"auto","background-attachment":"scroll","background-type":"","background-media":"","overlay-type":"","overlay-color":"","overlay-opacity":"","overlay-gradient":""},"mobile":{"background-color":"var(--ast-global-color-5)","background-image":"","background-repeat":"repeat","background-position":"center center","background-size":"auto","background-attachment":"scroll","background-type":"","background-media":"","overlay-type":"","overlay-color":"","overlay-opacity":"","overlay-gradient":""}},"footnotes":""},"class_list":["post-1410","page","type-page","status-publish","hentry"],"yoast_head":"<!-- This site is optimized with the Yoast SEO plugin v27.2 - https:\/\/yoast.com\/product\/yoast-seo-wordpress\/ -->\n<title>Kyll\u00e4stysprosessi | Hansacom<\/title>\n<meta name=\"robots\" content=\"index, follow, max-snippet:-1, max-image-preview:large, max-video-preview:-1\" \/>\n<link rel=\"canonical\" href=\"https:\/\/hansacom.ee\/fi\/kyllastysprosessi\/\" \/>\n<meta property=\"og:locale\" content=\"fi_FI\" \/>\n<meta property=\"og:type\" content=\"article\" \/>\n<meta property=\"og:title\" content=\"Kyll\u00e4stysprosessi | Hansacom\" \/>\n<meta property=\"og:description\" content=\"Kyll\u00e4stysprosessi Celcurella kyll\u00e4stetty puu on k\u00e4sitelty puukyll\u00e4styslaitoksessa tyhji\u00f6kyll\u00e4stysmenetelm\u00e4ll\u00e4. Celcure on vesipitoinen puun kyll\u00e4stysaine, joka sis\u00e4lt\u00e4\u00e4 kupariyhdisteit\u00e4 ja orgaanisia biosideja. Kemialliset komponentit tunkeutuvat puurakenteeseen, eik\u00e4 niit\u00e4 ole en\u00e4\u00e4 helppo poistaa. Celcure ei sis\u00e4ll\u00e4 kromi- tai arseeniyhdisteit\u00e4. Celcurella kyll\u00e4stetty puu on pitk\u00e4\u00e4n suojattu sienilt\u00e4, \u200b\u200bhy\u00f6nteisilt\u00e4 ja termiiteilt\u00e4, \u200b\u200bjotka joutuvat kosketuksiin maaper\u00e4n kanssa ja sen puuttuessa.\" \/>\n<meta property=\"og:url\" content=\"https:\/\/hansacom.ee\/fi\/kyllastysprosessi\/\" \/>\n<meta property=\"og:site_name\" content=\"Hansacom\" \/>\n<meta property=\"article:modified_time\" content=\"2022-05-16T08:37:53+00:00\" \/>\n<meta property=\"og:image\" content=\"https:\/\/hansacom.ee\/wp-content\/uploads\/2022\/02\/definitsioon.jpg\" \/>\n<meta name=\"twitter:card\" content=\"summary_large_image\" \/>\n<meta name=\"twitter:label1\" content=\"Arvioitu lukuaika\" \/>\n\t<meta name=\"twitter:data1\" content=\"1 minuutti\" \/>\n<script type=\"application\/ld+json\" class=\"yoast-schema-graph\">{\"@context\":\"https:\/\/schema.org\",\"@graph\":[{\"@type\":\"WebPage\",\"@id\":\"https:\/\/hansacom.ee\/fi\/kyllastysprosessi\/\",\"url\":\"https:\/\/hansacom.ee\/fi\/kyllastysprosessi\/\",\"name\":\"Kyll\u00e4stysprosessi | Hansacom\",\"isPartOf\":{\"@id\":\"https:\/\/hansacom.ee\/fi\/#website\"},\"primaryImageOfPage\":{\"@id\":\"https:\/\/hansacom.ee\/fi\/kyllastysprosessi\/#primaryimage\"},\"image\":{\"@id\":\"https:\/\/hansacom.ee\/fi\/kyllastysprosessi\/#primaryimage\"},\"thumbnailUrl\":\"https:\/\/hansacom.ee\/wp-content\/uploads\/2022\/02\/definitsioon.jpg\",\"datePublished\":\"2022-05-12T08:31:14+00:00\",\"dateModified\":\"2022-05-16T08:37:53+00:00\",\"breadcrumb\":{\"@id\":\"https:\/\/hansacom.ee\/fi\/kyllastysprosessi\/#breadcrumb\"},\"inLanguage\":\"fi\",\"potentialAction\":[{\"@type\":\"ReadAction\",\"target\":[\"https:\/\/hansacom.ee\/fi\/kyllastysprosessi\/\"]}]},{\"@type\":\"ImageObject\",\"inLanguage\":\"fi\",\"@id\":\"https:\/\/hansacom.ee\/fi\/kyllastysprosessi\/#primaryimage\",\"url\":\"https:\/\/hansacom.ee\/wp-content\/uploads\/2022\/02\/definitsioon.jpg\",\"contentUrl\":\"https:\/\/hansacom.ee\/wp-content\/uploads\/2022\/02\/definitsioon.jpg\"},{\"@type\":\"BreadcrumbList\",\"@id\":\"https:\/\/hansacom.ee\/fi\/kyllastysprosessi\/#breadcrumb\",\"itemListElement\":[{\"@type\":\"ListItem\",\"position\":1,\"name\":\"Home\",\"item\":\"https:\/\/hansacom.ee\/fi\/\"},{\"@type\":\"ListItem\",\"position\":2,\"name\":\"Kyll\u00e4stysprosessi\"}]},{\"@type\":\"WebSite\",\"@id\":\"https:\/\/hansacom.ee\/fi\/#website\",\"url\":\"https:\/\/hansacom.ee\/fi\/\",\"name\":\"Hansacom\",\"description\":\"...ja puit talub niiskust\",\"publisher\":{\"@id\":\"https:\/\/hansacom.ee\/fi\/#organization\"},\"potentialAction\":[{\"@type\":\"SearchAction\",\"target\":{\"@type\":\"EntryPoint\",\"urlTemplate\":\"https:\/\/hansacom.ee\/fi\/?s={search_term_string}\"},\"query-input\":{\"@type\":\"PropertyValueSpecification\",\"valueRequired\":true,\"valueName\":\"search_term_string\"}}],\"inLanguage\":\"fi\"},{\"@type\":\"Organization\",\"@id\":\"https:\/\/hansacom.ee\/fi\/#organization\",\"name\":\"Hansacom O\u00dc\",\"url\":\"https:\/\/hansacom.ee\/fi\/\",\"logo\":{\"@type\":\"ImageObject\",\"inLanguage\":\"fi\",\"@id\":\"https:\/\/hansacom.ee\/fi\/#\/schema\/logo\/image\/\",\"url\":\"https:\/\/hansacom.ee\/wp-content\/uploads\/2022\/02\/hansacom.svg\",\"contentUrl\":\"https:\/\/hansacom.ee\/wp-content\/uploads\/2022\/02\/hansacom.svg\",\"width\":671,\"height\":218,\"caption\":\"Hansacom O\u00dc\"},\"image\":{\"@id\":\"https:\/\/hansacom.ee\/fi\/#\/schema\/logo\/image\/\"}}]}<\/script>\n<!-- \/ Yoast SEO plugin. -->","yoast_head_json":{"title":"Kyll\u00e4stysprosessi | Hansacom","robots":{"index":"index","follow":"follow","max-snippet":"max-snippet:-1","max-image-preview":"max-image-preview:large","max-video-preview":"max-video-preview:-1"},"canonical":"https:\/\/hansacom.ee\/fi\/kyllastysprosessi\/","og_locale":"fi_FI","og_type":"article","og_title":"Kyll\u00e4stysprosessi | Hansacom","og_description":"Kyll\u00e4stysprosessi Celcurella kyll\u00e4stetty puu on k\u00e4sitelty puukyll\u00e4styslaitoksessa tyhji\u00f6kyll\u00e4stysmenetelm\u00e4ll\u00e4. Celcure on vesipitoinen puun kyll\u00e4stysaine, joka sis\u00e4lt\u00e4\u00e4 kupariyhdisteit\u00e4 ja orgaanisia biosideja. Kemialliset komponentit tunkeutuvat puurakenteeseen, eik\u00e4 niit\u00e4 ole en\u00e4\u00e4 helppo poistaa. Celcure ei sis\u00e4ll\u00e4 kromi- tai arseeniyhdisteit\u00e4. Celcurella kyll\u00e4stetty puu on pitk\u00e4\u00e4n suojattu sienilt\u00e4, \u200b\u200bhy\u00f6nteisilt\u00e4 ja termiiteilt\u00e4, \u200b\u200bjotka joutuvat kosketuksiin maaper\u00e4n kanssa ja sen puuttuessa.","og_url":"https:\/\/hansacom.ee\/fi\/kyllastysprosessi\/","og_site_name":"Hansacom","article_modified_time":"2022-05-16T08:37:53+00:00","og_image":[{"url":"https:\/\/hansacom.ee\/wp-content\/uploads\/2022\/02\/definitsioon.jpg","type":"","width":"","height":""}],"twitter_card":"summary_large_image","twitter_misc":{"Arvioitu lukuaika":"1 minuutti"},"schema":{"@context":"https:\/\/schema.org","@graph":[{"@type":"WebPage","@id":"https:\/\/hansacom.ee\/fi\/kyllastysprosessi\/","url":"https:\/\/hansacom.ee\/fi\/kyllastysprosessi\/","name":"Kyll\u00e4stysprosessi | Hansacom","isPartOf":{"@id":"https:\/\/hansacom.ee\/fi\/#website"},"primaryImageOfPage":{"@id":"https:\/\/hansacom.ee\/fi\/kyllastysprosessi\/#primaryimage"},"image":{"@id":"https:\/\/hansacom.ee\/fi\/kyllastysprosessi\/#primaryimage"},"thumbnailUrl":"https:\/\/hansacom.ee\/wp-content\/uploads\/2022\/02\/definitsioon.jpg","datePublished":"2022-05-12T08:31:14+00:00","dateModified":"2022-05-16T08:37:53+00:00","breadcrumb":{"@id":"https:\/\/hansacom.ee\/fi\/kyllastysprosessi\/#breadcrumb"},"inLanguage":"fi","potentialAction":[{"@type":"ReadAction","target":["https:\/\/hansacom.ee\/fi\/kyllastysprosessi\/"]}]},{"@type":"ImageObject","inLanguage":"fi","@id":"https:\/\/hansacom.ee\/fi\/kyllastysprosessi\/#primaryimage","url":"https:\/\/hansacom.ee\/wp-content\/uploads\/2022\/02\/definitsioon.jpg","contentUrl":"https:\/\/hansacom.ee\/wp-content\/uploads\/2022\/02\/definitsioon.jpg"},{"@type":"BreadcrumbList","@id":"https:\/\/hansacom.ee\/fi\/kyllastysprosessi\/#breadcrumb","itemListElement":[{"@type":"ListItem","position":1,"name":"Home","item":"https:\/\/hansacom.ee\/fi\/"},{"@type":"ListItem","position":2,"name":"Kyll\u00e4stysprosessi"}]},{"@type":"WebSite","@id":"https:\/\/hansacom.ee\/fi\/#website","url":"https:\/\/hansacom.ee\/fi\/","name":"Hansacom","description":"...ja puit talub niiskust","publisher":{"@id":"https:\/\/hansacom.ee\/fi\/#organization"},"potentialAction":[{"@type":"SearchAction","target":{"@type":"EntryPoint","urlTemplate":"https:\/\/hansacom.ee\/fi\/?s={search_term_string}"},"query-input":{"@type":"PropertyValueSpecification","valueRequired":true,"valueName":"search_term_string"}}],"inLanguage":"fi"},{"@type":"Organization","@id":"https:\/\/hansacom.ee\/fi\/#organization","name":"Hansacom O\u00dc","url":"https:\/\/hansacom.ee\/fi\/","logo":{"@type":"ImageObject","inLanguage":"fi","@id":"https:\/\/hansacom.ee\/fi\/#\/schema\/logo\/image\/","url":"https:\/\/hansacom.ee\/wp-content\/uploads\/2022\/02\/hansacom.svg","contentUrl":"https:\/\/hansacom.ee\/wp-content\/uploads\/2022\/02\/hansacom.svg","width":671,"height":218,"caption":"Hansacom O\u00dc"},"image":{"@id":"https:\/\/hansacom.ee\/fi\/#\/schema\/logo\/image\/"}}]}},"_links":{"self":[{"href":"https:\/\/hansacom.ee\/fi\/wp-json\/wp\/v2\/pages\/1410","targetHints":{"allow":["GET"]}}],"collection":[{"href":"https:\/\/hansacom.ee\/fi\/wp-json\/wp\/v2\/pages"}],"about":[{"href":"https:\/\/hansacom.ee\/fi\/wp-json\/wp\/v2\/types\/page"}],"author":[{"embeddable":true,"href":"https:\/\/hansacom.ee\/fi\/wp-json\/wp\/v2\/users\/1"}],"replies":[{"embeddable":true,"href":"https:\/\/hansacom.ee\/fi\/wp-json\/wp\/v2\/comments?post=1410"}],"version-history":[{"count":7,"href":"https:\/\/hansacom.ee\/fi\/wp-json\/wp\/v2\/pages\/1410\/revisions"}],"predecessor-version":[{"id":1723,"href":"https:\/\/hansacom.ee\/fi\/wp-json\/wp\/v2\/pages\/1410\/revisions\/1723"}],"wp:attachment":[{"href":"https:\/\/hansacom.ee\/fi\/wp-json\/wp\/v2\/media?parent=1410"}],"curies":[{"name":"wp","href":"https:\/\/api.w.org\/{rel}","templated":true}]}}